{"id":1386,"date":"2023-11-23T16:45:42","date_gmt":"2023-11-23T16:45:42","guid":{"rendered":"https:\/\/jrqseguros.com.br\/sulamerica-seguros\/saude\/?page_id=1386"},"modified":"2023-11-23T16:52:08","modified_gmt":"2023-11-23T16:52:08","slug":"sulamerica-saude-por-profissao","status":"publish","type":"page","link":"https:\/\/jrqseguros.com.br\/sulamerica-seguros\/saude\/sulamerica-saude-por-profissao\/","title":{"rendered":"SulAm\u00e9rica Sa\u00fade por Profiss\u00e3o"},"content":{"rendered":"  <div id=\"page-header-1609125748\" class=\"page-header-wrapper\">\n  <div class=\"page-title dark featured-title\">\n\n    \n    <div class=\"page-title-inner container align-center flex-row medium-flex-wrap\" >\n              <div class=\"title-wrapper flex-col text-left medium-text-center\">\n          <h1 class=\"entry-title mb-0\">\n            SulAm\u00e9rica Sa\u00fade por Profiss\u00e3o          <\/h1>\n        <\/div>\n                    <div class=\"title-content flex-col flex-right text-right medium-text-center\">\n        <div class=\"title-breadcrumbs pb-half pt-half\"><\/div>      <\/div>\n    <\/div>\n\n       <\/div>\n    <\/div>\n  \n\t<section class=\"section\" id=\"section_926079246\">\n\t\t<div class=\"bg section-bg fill bg-fill  bg-loaded\" >\n\n\t\t\t\n\t\t\t\n\t\t\t\n\n\t\t<\/div>\n\n\t\t<div class=\"section-content relative\">\n\t\t\t\n<div class=\"row\"  id=\"row-1171147291\">\n\n\t<div id=\"col-472957170\" class=\"col small-12 large-12\"  >\n\t\t<div class=\"col-inner\"  >\n\t\t\t\n\t\t\t\n<ul class=\"wsp-pages-list\">\n<li class=\"page_item page-item-1186\"><a href=\"https:\/\/jrqseguros.com.br\/sulamerica-seguros\/saude\/aasp-adv-associacao-dos-advogados-de-sao-paulos-advogados-de-sao-paulo\/\">AASP-ADV \u2013 Associa\u00e7\u00e3o dos Advogados de S\u00e3o Paulos Advogados de S\u00e3o Paulo<\/a><\/li>\n<li class=\"page_item page-item-1224\"><a href=\"https:\/\/jrqseguros.com.br\/sulamerica-seguros\/saude\/abrabdir-associacao-brasileira-de-advogados-e-bachareis-em-direito\/\">ABRABDIR \u2013 Associa\u00e7\u00e3o Brasileira de Advogados e Bachar\u00e9is em Direito<\/a><\/li>\n<li class=\"page_item page-item-1225\"><a href=\"https:\/\/jrqseguros.com.br\/sulamerica-seguros\/saude\/acresp-associacao-cultural-e-recreativa-dos-servidores-publicos\/\">ACRESP \u2013 Associa\u00e7\u00e3o Cultural e Recreativa dos Servidores P\u00fablicos<\/a><\/li>\n<li class=\"page_item page-item-1226\"><a href=\"https:\/\/jrqseguros.com.br\/sulamerica-seguros\/saude\/adpesp-associacao-dos-delegados-de-policia-do-estado-de-sao-paulo\/\">ADPESP \u2013 Associa\u00e7\u00e3o dos Delegados de Pol\u00edcia do Estado de S\u00e3o Paulo<\/a><\/li>\n<li class=\"page_item page-item-1227\"><a href=\"https:\/\/jrqseguros.com.br\/sulamerica-seguros\/saude\/afb-associacao-dos-fisioterapeutas-do-brasil\/\">AFB \u2013 Associa\u00e7\u00e3o dos Fisioterapeutas do Brasil<\/a><\/li>\n<li class=\"page_item page-item-1228\"><a href=\"https:\/\/jrqseguros.com.br\/sulamerica-seguros\/saude\/afpesp-associacao-dos-funcionarios-publicos-do-estado-de-sao-paulo\/\">AFPESP \u2013 Associa\u00e7\u00e3o dos Funcion\u00e1rios P\u00fablicos do Estado de S\u00e3o Paulo<\/a><\/li>\n<li class=\"page_item page-item-1229\"><a href=\"https:\/\/jrqseguros.com.br\/sulamerica-seguros\/saude\/aipesp-associacao-dos-investigadores-de-policia-do-estado-de-sao-paulo\/\">AIPESP \u2013 Associa\u00e7\u00e3o dos Investigadores de Policia do Estado de S\u00e3o Paulo<\/a><\/li>\n<li class=\"page_item page-item-1230\"><a href=\"https:\/\/jrqseguros.com.br\/sulamerica-seguros\/saude\/amb-mag-associacao-dos-magistrados-brasileiros\/\">AMB-MAG \u2013 Associa\u00e7\u00e3o dos Magistrados Brasileiros<\/a><\/li>\n<li class=\"page_item page-item-1231\"><a href=\"https:\/\/jrqseguros.com.br\/sulamerica-seguros\/saude\/amb-med-associacao-medica-brasileira\/\">AMB-MED \u2013 Associa\u00e7\u00e3o M\u00e9dica Brasileira<\/a><\/li>\n<li class=\"page_item page-item-1232\"><a href=\"https:\/\/jrqseguros.com.br\/sulamerica-seguros\/saude\/anadef-associacao-nacional-dos-defensores-publicos-federais\/\">ANADEF \u2013 Associa\u00e7\u00e3o Nacional dos Defensores P\u00fablicos Federais<\/a><\/li>\n<li class=\"page_item page-item-1233\"><a href=\"https:\/\/jrqseguros.com.br\/sulamerica-seguros\/saude\/anadep-associacao-nacional-das-defensoras-e-defensores-publicos\/\">ANADEP \u2013 Associa\u00e7\u00e3o Nacional das Defensoras e Defensores P\u00fablicos<\/a><\/li>\n<li class=\"page_item page-item-1234\"><a href=\"https:\/\/jrqseguros.com.br\/sulamerica-seguros\/saude\/anamatra-associacao-nacional-dos-magistrados-da-justica-do-trabalho\/\">ANAMATRA \u2013 Associa\u00e7\u00e3o Nacional dos Magistrados da Justi\u00e7a do Trabalho<\/a><\/li>\n<li class=\"page_item page-item-1282\"><a href=\"https:\/\/jrqseguros.com.br\/sulamerica-seguros\/saude\/anasps-associacao-nacional-dos-servidores-publicos-da-previdencia-e-da-seguridade-social\/\">ANASPS \u2013 Associa\u00e7\u00e3o Nacional dos Servidores P\u00fablicos, da Previd\u00eancia e da Seguridade Social<\/a><\/li>\n<li class=\"page_item page-item-1235\"><a href=\"https:\/\/jrqseguros.com.br\/sulamerica-seguros\/saude\/anoreg-associacao-dos-notarios-e-registradores-do-estado-de-sao-paulo\/\">ANOREG \u2013 Associa\u00e7\u00e3o dos Not\u00e1rios e Registradores do Estado de S\u00e3o Paulo<\/a><\/li>\n<li class=\"page_item page-item-1236\"><a href=\"https:\/\/jrqseguros.com.br\/sulamerica-seguros\/saude\/anpr-associacao-nacional-dos-procuradores-da-republica\/\">ANPR \u2013 Associa\u00e7\u00e3o Nacional dos Procuradores da Rep\u00fablica<\/a><\/li>\n<li class=\"page_item page-item-1237\"><a href=\"https:\/\/jrqseguros.com.br\/sulamerica-seguros\/saude\/anpt-associacao-nacional-dos-procuradores-do-trabalho\/\">ANPT \u2013 Associa\u00e7\u00e3o Nacional dos Procuradores do Trabalho<\/a><\/li>\n<li class=\"page_item page-item-1283\"><a href=\"https:\/\/jrqseguros.com.br\/sulamerica-seguros\/saude\/aopp-associacao-dos-oficiais-pracas-e-pensionistas-da-policia-militar-do-estado-de-sao-paulo\/\">AOPP \u2013 Associa\u00e7\u00e3o dos Oficiais, Pra\u00e7as e Pensionistas da Policia Militar do Estado de S\u00e3o Paulo<\/a><\/li>\n<li class=\"page_item page-item-1238\"><a href=\"https:\/\/jrqseguros.com.br\/sulamerica-seguros\/saude\/apadep-associacao-paulista-de-defensores-publicos\/\">APADEP \u2013 Associa\u00e7\u00e3o Paulista de Defensores Publicos<\/a><\/li>\n<li class=\"page_item page-item-1239\"><a href=\"https:\/\/jrqseguros.com.br\/sulamerica-seguros\/saude\/apamagis-associacao-paulista-de-magistrado\/\">APAMAGIS \u2013 Associa\u00e7\u00e3o Paulista de Magistrado<\/a><\/li>\n<li class=\"page_item page-item-1240\"><a href=\"https:\/\/jrqseguros.com.br\/sulamerica-seguros\/saude\/apatej-associacao-paulista-dos-tecnicos-judiciarios\/\">APATEJ \u2013 Associa\u00e7\u00e3o Paulista dos Tecnicos Judici\u00e1rios<\/a><\/li>\n<li class=\"page_item page-item-1241\"><a href=\"https:\/\/jrqseguros.com.br\/sulamerica-seguros\/saude\/apcd-associacao-paulista-de-cirurgioes-dentistas\/\">APCD \u2013 Associa\u00e7\u00e3o Paulista de Cirurgi\u00f5es Dentistas<\/a><\/li>\n<li class=\"page_item page-item-1242\"><a href=\"https:\/\/jrqseguros.com.br\/sulamerica-seguros\/saude\/apesp-associacao-dos-procuradores-do-estado-de-sao-paulo\/\">APESP \u2013 Associa\u00e7\u00e3o dos Procuradores do Estado de S\u00e3o Paulo<\/a><\/li>\n<li class=\"page_item page-item-1243\"><a href=\"https:\/\/jrqseguros.com.br\/sulamerica-seguros\/saude\/apm-associacao-paulista-de-medicina\/\">APM \u2013 Associa\u00e7\u00e3o Paulista de Medicina<\/a><\/li>\n<li class=\"page_item page-item-1244\"><a href=\"https:\/\/jrqseguros.com.br\/sulamerica-seguros\/saude\/apmsp-associacao-dos-procuradores-do-municipio-de-sao-paulo\/\">APMSP \u2013 Associa\u00e7\u00e3o dos Procuradores do Municipio de S\u00e3o Paulo<\/a><\/li>\n<li class=\"page_item page-item-1245\"><a href=\"https:\/\/jrqseguros.com.br\/sulamerica-seguros\/saude\/ascaf-associacao-dos-servidores-publicos\/\">ASCAF \u2013 Associa\u00e7\u00e3o dos Servidores P\u00fablicos<\/a><\/li>\n<li class=\"page_item page-item-1246\"><a href=\"https:\/\/jrqseguros.com.br\/sulamerica-seguros\/saude\/asprofili-associacao-dos-profissionais-liberais\/\">ASPROFILI \u2013 Associa\u00e7\u00e3o dos Profissionais Liberais<\/a><\/li>\n<li class=\"page_item page-item-1247\"><a href=\"https:\/\/jrqseguros.com.br\/sulamerica-seguros\/saude\/caa-sp-caixa-de-assistencia-dos-advogados-de-sao-paulo\/\">CAA-SP \u2013 Caixa de Assist\u00eancia dos Advogados de S\u00e3o Paulo<\/a><\/li>\n<li class=\"page_item page-item-1248\"><a href=\"https:\/\/jrqseguros.com.br\/sulamerica-seguros\/saude\/cnsp-confederacao-nacional-dos-servidores-publicos\/\">CNSP \u2013 Confedera\u00e7\u00e3o Nacional dos Servidores P\u00fablicos<\/a><\/li>\n<li class=\"page_item page-item-1249\"><a href=\"https:\/\/jrqseguros.com.br\/sulamerica-seguros\/saude\/conamp-associacao-nacional-dos-membros-do-ministerio-publico\/\">CONAMP \u2013 Associa\u00e7\u00e3o Nacional dos Membros do Minist\u00e9rio P\u00fablico<\/a><\/li>\n<li class=\"page_item page-item-1250\"><a href=\"https:\/\/jrqseguros.com.br\/sulamerica-seguros\/saude\/corecon-conselho-regional-de-economia\/\">CORECON \u2013 Conselho Regional de Economia<\/a><\/li>\n<li class=\"page_item page-item-1251\"><a href=\"https:\/\/jrqseguros.com.br\/sulamerica-seguros\/saude\/cref-conselho-regional-de-educacao-fisica\/\">CREF \u2013 Conselho Regional de Educa\u00e7\u00e3o F\u00edsica<\/a><\/li>\n<li class=\"page_item page-item-1252\"><a href=\"https:\/\/jrqseguros.com.br\/sulamerica-seguros\/saude\/crefito-conselho-regional-de-fisioterapia-e-terapia-ocupacional\/\">CREFITO \u2013 Conselho Regional de Fisioterapia e Terapia Ocupacional<\/a><\/li>\n<li class=\"page_item page-item-1253\"><a href=\"https:\/\/jrqseguros.com.br\/sulamerica-seguros\/saude\/crf-conselho-regional-de-farmacia\/\">CRF \u2013 Conselho Regional de Farm\u00e1cia<\/a><\/li>\n<li class=\"page_item page-item-1254\"><a href=\"https:\/\/jrqseguros.com.br\/sulamerica-seguros\/saude\/crfa-2-conselho-regional-de-fonoaudiologia-2a-regiao-sao-paulo\/\">CRFA 2 \u2013 Conselho Regional de Fonoaudiologia 2\u00aa Regi\u00e3o \u2013 S\u00e3o Paulo<\/a><\/li>\n<li class=\"page_item page-item-1255\"><a href=\"https:\/\/jrqseguros.com.br\/sulamerica-seguros\/saude\/crmv-conselho-regional-de-medicina-veterinaria\/\">CRMV \u2013 Conselho Regional de Medicina Veterin\u00e1ria<\/a><\/li>\n<li class=\"page_item page-item-1256\"><a href=\"https:\/\/jrqseguros.com.br\/sulamerica-seguros\/saude\/crn-conselho-regional-de-nutricionistas\/\">CRN \u2013 Conselho Regional de Nutricionistas<\/a><\/li>\n<li class=\"page_item page-item-1257\"><a href=\"https:\/\/jrqseguros.com.br\/sulamerica-seguros\/saude\/crq-conselho-regional-de-quimica\/\">CRQ \u2013 Conselho Regional de Quimica<\/a><\/li>\n<li class=\"page_item page-item-1258\"><a href=\"https:\/\/jrqseguros.com.br\/sulamerica-seguros\/saude\/fna-federacao-nacional-dos-arquitetos-e-urbanistas\/\">FNA \u2013 Federa\u00e7\u00e3o Nacional dos Arquitetos e Urbanistas<\/a><\/li>\n<li class=\"page_item page-item-1259\"><a href=\"https:\/\/jrqseguros.com.br\/sulamerica-seguros\/saude\/ipc-instituto-paulista-de-contabilidade\/\">IPC \u2013 Instituto Paulista de Contabilidade<\/a><\/li>\n<li class=\"page_item page-item-1260\"><a href=\"https:\/\/jrqseguros.com.br\/sulamerica-seguros\/saude\/mutua-crea-caixa-de-assistencia-dos-profissionais-do-crea\/\">MUTUA-CREA \u2013 Caixa de Assist\u00eancia dos Profissionais do CREA<\/a><\/li>\n<li class=\"page_item page-item-1261\"><a href=\"https:\/\/jrqseguros.com.br\/sulamerica-seguros\/saude\/saesp-sindicato-dos-administradores-no-estado-de-sao-paulo\/\">SAESP \u2013 Sindicato dos Administradores No Estado de S\u00e3o Paulo<\/a><\/li>\n<li class=\"page_item page-item-1262\"><a href=\"https:\/\/jrqseguros.com.br\/sulamerica-seguros\/saude\/sapesp-sindicato-de-atletas-de-sao-paulo\/\">SAPESP \u2013 Sindicato de Atletas de S\u00e3o Paulo<\/a><\/li>\n<li class=\"page_item page-item-1263\"><a href=\"https:\/\/jrqseguros.com.br\/sulamerica-seguros\/saude\/saspb-sociedade-assistencialista-dos-servidores-publicos-do-brasil\/\">SASPB \u2013 Sociedade Assistencialista dos Servidores Publicos do Brasil<\/a><\/li>\n<li class=\"page_item page-item-1264\"><a href=\"https:\/\/jrqseguros.com.br\/sulamerica-seguros\/saude\/sciesp-sindicato-dos-corretores-de-imoveis-do-estado-de-sao-paulo\/\">SCIESP \u2013 Sindicato dos Corretores de Im\u00f3veis do Estado de S\u00e3o Paulo<\/a><\/li>\n<li class=\"page_item page-item-1265\"><a href=\"https:\/\/jrqseguros.com.br\/sulamerica-seguros\/saude\/seesp-enf-sindicato-dos-enfermeiros-do-estado-de-sao-paulo\/\">SEESP ENF \u2013 Sindicato dos Enfermeiros do Estado de S\u00e3o Paulo<\/a><\/li>\n<li class=\"page_item page-item-1266\"><a href=\"https:\/\/jrqseguros.com.br\/sulamerica-seguros\/saude\/seesp-eng-sindicato-dos-engenheiros-do-estado-de-sao-paulo\/\">SEESP ENG \u2013 Sindicato dos Engenheiros do Estado de S\u00e3o Paulo<\/a><\/li>\n<li class=\"page_item page-item-1267\"><a href=\"https:\/\/jrqseguros.com.br\/sulamerica-seguros\/saude\/sinbiesp-bio-sindicato-dos-biomedicos-profissionais-do-estado-de-sao-paulo\/\">SINBIESP BIO \u2013 Sindicato dos Biomedicos Profissionais do Estado de S\u00e3o Paulo<\/a><\/li>\n<li class=\"page_item page-item-1268\"><a href=\"https:\/\/jrqseguros.com.br\/sulamerica-seguros\/saude\/sincor-sindicato-de-empresarios-e-profissionais-autonomos-da-corretagem-e-da-distribuicao-de-seguros\/\">SINCOR \u2013 Sindicato de Empres\u00e1rios e Profissionais Aut\u00f4nomos da Corretagem e da Distribui\u00e7\u00e3o de Seguros<\/a><\/li>\n<li class=\"page_item page-item-1269\"><a href=\"https:\/\/jrqseguros.com.br\/sulamerica-seguros\/saude\/sindcont-sindicato-dos-contabilistas\/\">SINDCONT \u2013 Sindicato dos Contabilistas<\/a><\/li>\n<li class=\"page_item page-item-1285\"><a href=\"https:\/\/jrqseguros.com.br\/sulamerica-seguros\/saude\/sindhosp-sindicato-dos-hospitais-clinicas-laboratorios-e-demais-estabelecimentos-de-saude-do-estado-de-sao-paulo\/\">SINDHOSP \u2013 Sindicato dos Hospitais, Cl\u00ednicas, Laborat\u00f3rios e Demais Estabelecimentos de Sa\u00fade do Estado de S\u00e3o Paulo<\/a><\/li>\n<li class=\"page_item page-item-1270\"><a href=\"https:\/\/jrqseguros.com.br\/sulamerica-seguros\/saude\/sindipesp-sindicato-dos-profissionais-da-pedagogia-e-psicopedagogia-de-sao-paulo\/\">SINDIPESP \u2013 Sindicato dos Profissionais da Pedagogia e Psicopedagogia de S\u00e3o Paulo<\/a><\/li>\n<li class=\"page_item page-item-1271\"><a href=\"https:\/\/jrqseguros.com.br\/sulamerica-seguros\/saude\/sindmus-sindicato-dos-musicos-profissionais\/\">SINDMUS \u2013 Sindicato dos M\u00fasicos Profissionais<\/a><\/li>\n<li class=\"page_item page-item-1272\"><a href=\"https:\/\/jrqseguros.com.br\/sulamerica-seguros\/saude\/sindpf-sp-sindicato-dos-delegados-de-policia-federal-no-estado-de-sao-paulo\/\">SINDPF-SP \u2013 Sindicato dos Delegados de Policia Federal No Estado de S\u00e3o Paulo<\/a><\/li>\n<li class=\"page_item page-item-1284\"><a href=\"https:\/\/jrqseguros.com.br\/sulamerica-seguros\/saude\/sindpub-sindicato-dos-publicitarios-agenciadores-de-propaganda-trab-em-emp-de-propaganda-est-sp\/\">SINDPUB \u2013 Sindicato dos Publicit\u00e1rios, Agenciadores de Propaganda, Trab em Emp de Propaganda Est SP<\/a><\/li>\n<li class=\"page_item page-item-1273\"><a href=\"https:\/\/jrqseguros.com.br\/sulamerica-seguros\/saude\/sinfar-sp-sindicato-dos-farmaceuticos-no-estado-de-sao-paulo\/\">SINFAR SP \u2013 Sindicato dos Farmac\u00eauticos no Estado de S\u00e3o Paulo<\/a><\/li>\n<li class=\"page_item page-item-1274\"><a href=\"https:\/\/jrqseguros.com.br\/sulamerica-seguros\/saude\/sinpeem-sindicato-dos-profissionais-em-educacao-no-ensino-municipal-de-sao-paulo\/\">SINPEEM \u2013 Sindicato dos Profissionais em Educa\u00e7\u00e3o no Ensino Municipal de S\u00e3o Paulo<\/a><\/li>\n<li class=\"page_item page-item-1275\"><a href=\"https:\/\/jrqseguros.com.br\/sulamerica-seguros\/saude\/sinpro-abc-sindicato-dos-professores-do-abc\/\">SINPRO ABC \u2013 Sindicato dos Professores do ABC<\/a><\/li>\n<li class=\"page_item page-item-1276\"><a href=\"https:\/\/jrqseguros.com.br\/sulamerica-seguros\/saude\/sinpro-sp-sindicato-dos-professores-de-sao-paulo\/\">SINPRO SP \u2013 Sindicato dos Professores de S\u00e3o Paulo<\/a><\/li>\n<li class=\"page_item page-item-1277\"><a href=\"https:\/\/jrqseguros.com.br\/sulamerica-seguros\/saude\/sinpsi-sindicato-dos-psicologos-do-estado-de-sao-paulo\/\">SINPSI \u2013 Sindicato dos Psic\u00f3logos do Estado de S\u00e3o Paulo<\/a><\/li>\n<li class=\"page_item page-item-1278\"><a href=\"https:\/\/jrqseguros.com.br\/sulamerica-seguros\/saude\/sintect-sp-sindicato-dos-trab-da-emp-brasileira-de-correios-e-telegrafos-e-similares-de-sao-paulo\/\">SINTECT-SP \u2013 Sindicato dos Trab. da Emp. Brasileira de Correios e Tel\u00e9grafos e Similares de S\u00e3o Paulo<\/a><\/li>\n<li class=\"page_item page-item-1279\"><a href=\"https:\/\/jrqseguros.com.br\/sulamerica-seguros\/saude\/sircesp-sindicato-dos-representantes-comerciais-do-estado-de-sao-paulo\/\">SIRCESP \u2013 Sindicato dos Representantes Comerciais do Estado de S\u00e3o Paulo<\/a><\/li>\n<li class=\"page_item page-item-1280\"><a href=\"https:\/\/jrqseguros.com.br\/sulamerica-seguros\/saude\/sjsp-sindicato-dos-jornalistas-profissionais-no-estado-sao-paulo\/\">SJSP \u2013 Sindicato dos Jornalistas Profissionais no Estado S\u00e3o Paulo<\/a><\/li>\n<\/ul>\n\t\t<\/div>\n\t\t\t<\/div>\n\n\t\n<\/div>\n\t\t<\/div>\n\n\t\t\n<style>\n#section_926079246 {\n  padding-top: 30px;\n  padding-bottom: 30px;\n}\n<\/style>\n\t<\/section>\n\t\n","protected":false},"excerpt":{"rendered":"","protected":false},"author":1,"featured_media":0,"parent":0,"menu_order":0,"comment_status":"closed","ping_status":"closed","template":"page-blank.php","meta":{"footnotes":""},"class_list":["post-1386","page","type-page","status-publish","hentry"],"_links":{"self":[{"href":"https:\/\/jrqseguros.com.br\/sulamerica-seguros\/saude\/wp-json\/wp\/v2\/pages\/1386"}],"collection":[{"href":"https:\/\/jrqseguros.com.br\/sulamerica-seguros\/saude\/wp-json\/wp\/v2\/pages"}],"about":[{"href":"https:\/\/jrqseguros.com.br\/sulamerica-seguros\/saude\/wp-json\/wp\/v2\/types\/page"}],"author":[{"embeddable":true,"href":"https:\/\/jrqseguros.com.br\/sulamerica-seguros\/saude\/wp-json\/wp\/v2\/users\/1"}],"replies":[{"embeddable":true,"href":"https:\/\/jrqseguros.com.br\/sulamerica-seguros\/saude\/wp-json\/wp\/v2\/comments?post=1386"}],"version-history":[{"count":4,"href":"https:\/\/jrqseguros.com.br\/sulamerica-seguros\/saude\/wp-json\/wp\/v2\/pages\/1386\/revisions"}],"predecessor-version":[{"id":1390,"href":"https:\/\/jrqseguros.com.br\/sulamerica-seguros\/saude\/wp-json\/wp\/v2\/pages\/1386\/revisions\/1390"}],"wp:attachment":[{"href":"https:\/\/jrqseguros.com.br\/sulamerica-seguros\/saude\/wp-json\/wp\/v2\/media?parent=1386"}],"curies":[{"name":"wp","href":"https:\/\/api.w.org\/{rel}","templated":true}]}}