{"id":12,"date":"2020-08-25T11:55:50","date_gmt":"2020-08-25T14:55:50","guid":{"rendered":"https:\/\/jrqseguros.com.br\/sulamerica-seguros\/?page_id=12"},"modified":"2024-12-10T10:58:51","modified_gmt":"2024-12-10T13:58:51","slug":"home","status":"publish","type":"page","link":"https:\/\/jrqseguros.com.br\/sulamerica-seguros\/","title":{"rendered":"Home"},"content":{"rendered":"<div class=\"slider-wrapper relative\" id=\"slider-1606348783\" >\n    <div class=\"slider slider-nav-circle slider-nav-large slider-nav-light slider-style-normal\"\n        data-flickity-options='{\n            \"cellAlign\": \"center\",\n            \"imagesLoaded\": true,\n            \"lazyLoad\": 1,\n            \"freeScroll\": false,\n            \"wrapAround\": true,\n            \"autoPlay\": 6000,\n            \"pauseAutoPlayOnHover\" : true,\n            \"prevNextButtons\": true,\n            \"contain\" : true,\n            \"adaptiveHeight\" : true,\n            \"dragThreshold\" : 10,\n            \"percentPosition\": true,\n            \"pageDots\": true,\n            \"rightToLeft\": false,\n            \"draggable\": true,\n            \"selectedAttraction\": 0.1,\n            \"parallax\" : 0,\n            \"friction\": 0.6        }'\n        >\n        \n\n\n  <div class=\"banner has-hover has-slide-effect slide-zoom-in\" id=\"banner-1445391312\">\n          <div class=\"banner-inner fill\">\n        <div class=\"banner-bg fill\" >\n            <div class=\"bg fill bg-fill \"><\/div>\n                                    \n                    <\/div>\n        <div class=\"banner-layers container\">\n            <div class=\"fill banner-link\"><\/div>            \n\n   <div id=\"text-box-211003785\" class=\"text-box banner-layer x0 md-x0 lg-x0 y75 md-y75 lg-y75 res-text\">\n                                <div class=\"text-box-content text dark\">\n              \n              <div class=\"text-inner text-center\">\n                  \n\n\t<div id=\"text-1619135563\" class=\"text\">\n\t\t\n\n<h3 class=\"uppercase\"><strong>CORRETOR SULAM\u00c9RICA SEGUROS<\/strong><\/h3>\n<p>A SulAm\u00e9rica Seguros oferece h\u00e1 mais de 120 anos as melhores solu\u00e7\u00f5es em seguros para voc\u00ea, sua fam\u00edlia ou empresa! Simule seu seguro gratuitamente pelo nosso site!<\/p>\n\t\t\n<style>\n#text-1619135563 {\n  color: #0b2e70;\n}\n#text-1619135563 > * {\n  color: #0b2e70;\n}\n<\/style>\n\t<\/div>\n\t\n<a href=\"https:\/\/jrqseguros.com.br\/sulamerica-seguros\/sulamerica-seguros\/\" target=\"_self\" class=\"button primary\"  >\n    <span>SAIBA MAIS<\/span>\n  <\/a>\n\n\n<a href=\"https:\/\/jrqseguros.com.br\/sulamerica-seguros\/#orcamento\" target=\"_self\" class=\"button secondary\"  >\n    <span>SIMULE SEU SEGURO<\/span>\n  <\/a>\n\n\n\n              <\/div>\n           <\/div>\n                            \n<style>\n#text-box-211003785 {\n  width: 93%;\n}\n#text-box-211003785 .text-box-content {\n  font-size: 100%;\n}\n@media (min-width:550px) {\n  #text-box-211003785 {\n    width: 39%;\n  }\n}\n<\/style>\n    <\/div>\n \n\n        <\/div>\n      <\/div>\n\n            \n<style>\n#banner-1445391312 {\n  padding-top: 480px;\n}\n#banner-1445391312 .bg.bg-loaded {\n  background-image: url(https:\/\/jrqseguros.com.br\/sulamerica-seguros\/wp-content\/uploads\/2024\/12\/fiu-header-laranja-1024x398.png);\n}\n#banner-1445391312 .bg {\n  background-position: 0% 0%;\n}\n<\/style>\n  <\/div>\n\n\n\n  <div class=\"banner has-hover has-slide-effect slide-zoom-in\" id=\"banner-1241955318\">\n          <div class=\"banner-inner fill\">\n        <div class=\"banner-bg fill\" >\n            <div class=\"bg fill bg-fill \"><\/div>\n                        <div class=\"overlay\"><\/div>            \n                    <\/div>\n        <div class=\"banner-layers container\">\n            <div class=\"fill banner-link\"><\/div>            \n\n   <div id=\"text-box-1147643008\" class=\"text-box banner-layer x50 md-x0 lg-x0 y50 md-y50 lg-y50 res-text\">\n                                <div class=\"text-box-content text dark\">\n              \n              <div class=\"text-inner text-left\">\n                  \n\n<h3 class=\"uppercase\"><strong>SEGURO DE VIDA SULAM\u00c9RICA<\/strong><\/h3>\n<p>De forma f\u00e1cil e sem complica\u00e7\u00f5es, garanta a sua tranq\u00fcilidade e toda a sua fam\u00edlia e aproveite o que a vida tem de melhor - a SulAm\u00e9rica Seguros cuida de todo o resto para voc\u00ea.<\/p>\n<a href=\"https:\/\/jrqseguros.com.br\/sulamerica-seguros\/vida\/\" target=\"_self\" class=\"button primary\"  >\n    <span>SAIBA MAIS<\/span>\n  <\/a>\n\n\n<a href=\"https:\/\/jrqseguros.com.br\/sulamerica-seguros\/vida\/\" target=\"_self\" class=\"button secondary\"  >\n    <span>SIMULE SEU SEGURO<\/span>\n  <\/a>\n\n\n\n              <\/div>\n           <\/div>\n                            \n<style>\n#text-box-1147643008 {\n  width: 94%;\n}\n#text-box-1147643008 .text-box-content {\n  font-size: 100%;\n}\n@media (min-width:550px) {\n  #text-box-1147643008 {\n    width: 48%;\n  }\n}\n<\/style>\n    <\/div>\n \n\n        <\/div>\n      <\/div>\n\n            \n<style>\n#banner-1241955318 {\n  padding-top: 480px;\n}\n#banner-1241955318 .bg.bg-loaded {\n  background-image: url(https:\/\/jrqseguros.com.br\/sulamerica-seguros\/wp-content\/uploads\/2020\/08\/SEGURO-DE-VIDA-SULAMERICA-1024x420.jpg);\n}\n#banner-1241955318 .overlay {\n  background-color: rgba(11, 46, 112, 0.74);\n}\n#banner-1241955318 .bg {\n  background-position: 10% 63%;\n}\n<\/style>\n  <\/div>\n\n\n\n  <div class=\"banner has-hover has-slide-effect slide-zoom-in\" id=\"banner-1376874754\">\n          <div class=\"banner-inner fill\">\n        <div class=\"banner-bg fill\" >\n            <div class=\"bg fill bg-fill \"><\/div>\n                        <div class=\"overlay\"><\/div>            \n                    <\/div>\n        <div class=\"banner-layers container\">\n            <div class=\"fill banner-link\"><\/div>            \n\n   <div id=\"text-box-1846141511\" class=\"text-box banner-layer x50 md-x0 lg-x0 y50 md-y50 lg-y50 res-text\">\n                                <div class=\"text-box-content text dark\">\n              \n              <div class=\"text-inner text-left\">\n                  \n\n<h3 class=\"uppercase\"><strong>SEGURO VIAGEM SULAM\u00c9RICA<\/strong><\/h3>\n<p>Com o SulAm\u00e9rica Viagem voc\u00ea poder\u00e1 realizar sua viagem de Lazer ou Neg\u00f3cios despreocupado, possu\u00edmos as melhores tarifas e cobertura. Viagens Internacionais e Nacionais com a coberturas ideais.<\/p>\n<a href=\"https:\/\/jrqseguros.com.br\/sulamerica-seguros\/viagem\/\" target=\"_self\" class=\"button primary\"  >\n    <span>SAIBA MAIS<\/span>\n  <\/a>\n\n\n<a rel=\"noopener noreferrer\" href=\"https:\/\/url.gratis\/Vuh41\" target=\"_blank\" class=\"button secondary\"  >\n    <span>CONTRATE AGORA<\/span>\n  <\/a>\n\n\n\n              <\/div>\n           <\/div>\n                            \n<style>\n#text-box-1846141511 {\n  width: 86%;\n}\n#text-box-1846141511 .text-box-content {\n  font-size: 100%;\n}\n@media (min-width:550px) {\n  #text-box-1846141511 {\n    width: 49%;\n  }\n}\n<\/style>\n    <\/div>\n \n\n        <\/div>\n      <\/div>\n\n            \n<style>\n#banner-1376874754 {\n  padding-top: 480px;\n}\n#banner-1376874754 .bg.bg-loaded {\n  background-image: url(https:\/\/jrqseguros.com.br\/sulamerica-seguros\/wp-content\/uploads\/2020\/08\/SEGURO-VIAGEM-SULAMERICA-1024x640.jpg);\n}\n#banner-1376874754 .overlay {\n  background-color: rgba(11, 46, 112, 0.74);\n}\n#banner-1376874754 .bg {\n  background-position: 0% 57%;\n}\n<\/style>\n  <\/div>\n\n\n\n  <div class=\"banner has-hover has-slide-effect slide-zoom-in\" id=\"banner-1346600983\">\n          <div class=\"banner-inner fill\">\n        <div class=\"banner-bg fill\" >\n            <div class=\"bg fill bg-fill \"><\/div>\n                        <div class=\"overlay\"><\/div>            \n                    <\/div>\n        <div class=\"banner-layers container\">\n            <div class=\"fill banner-link\"><\/div>            \n\n   <div id=\"text-box-1914486002\" class=\"text-box banner-layer x50 md-x0 lg-x0 y50 md-y50 lg-y50 res-text\">\n                                <div class=\"text-box-content text dark\">\n              \n              <div class=\"text-inner text-left\">\n                  \n\n<h3 class=\"uppercase\"><strong>SEGURO Sa\u00fade SULAM\u00c9RICA<\/strong><\/h3>\n<p>A SulAm\u00e9rica Sa\u00fade \u00e9 atualmente uma das melhores op\u00e7\u00f5es em custo x benef\u00edcio para seu plano de Sa\u00fade, com amplo atendimento em todo territ\u00f3rio nacional possui amplo atendimento e cobertura nos melhores e principais hospitais do Brasil.<\/p>\n<a href=\"https:\/\/jrqseguros.com.br\/sulamerica-seguros\/saude\/\" target=\"_self\" class=\"button primary\"  >\n    <span>SEGURO SA\u00daDE<\/span>\n  <\/a>\n\n\n<a href=\"https:\/\/jrqseguros.com.br\/sulamerica-seguros\/saude\/\" target=\"_self\" class=\"button secondary\"  >\n    <span>SIMULE SEU SEGURO<\/span>\n  <\/a>\n\n\n\n              <\/div>\n           <\/div>\n                            \n<style>\n#text-box-1914486002 {\n  width: 91%;\n}\n#text-box-1914486002 .text-box-content {\n  font-size: 100%;\n}\n@media (min-width:550px) {\n  #text-box-1914486002 {\n    width: 53%;\n  }\n}\n<\/style>\n    <\/div>\n \n\n        <\/div>\n      <\/div>\n\n            \n<style>\n#banner-1346600983 {\n  padding-top: 480px;\n}\n#banner-1346600983 .bg.bg-loaded {\n  background-image: url(https:\/\/jrqseguros.com.br\/sulamerica-seguros\/wp-content\/uploads\/2020\/08\/SEGURO-SAUDE-SULAMERICA-1024x576.jpg);\n}\n#banner-1346600983 .overlay {\n  background-color: rgba(11, 46, 112, 0.74);\n}\n<\/style>\n  <\/div>\n\n\n\n     <\/div>\n\n     <div class=\"loading-spin dark large centered\"><\/div>\n\n     \t<\/div>\n\n\n\t<section class=\"section\" id=\"section_1570215945\">\n\t\t<div class=\"bg section-bg fill bg-fill  bg-loaded\" >\n\n\t\t\t\n\t\t\t\n\t\t\t\n\n\t\t<\/div>\n\n\t\t<div class=\"section-content relative\">\n\t\t\t\n<div class=\"row align-middle\"  id=\"row-452543623\">\n\n\t<div id=\"col-67785513\" class=\"col small-12 large-12\"  >\n\t\t<div class=\"col-inner\"  >\n\t\t\t\n\t\t\t\n<h1>SulAm\u00e9rica Seguros<\/h1>\n<p><strong>Com solu\u00e7\u00f5es para voc\u00ea, sua fam\u00edlia, ou empresa, a SulAm\u00e9rica Seguros oferece as melhores solu\u00e7\u00f5es em seguros!<\/strong><\/p>\n<p>A SulAm\u00e9rica se orgulha de contar atualmente com mais de 7 milh\u00f5es de clientes em sua carteira de produtos. Esse n\u00famero foi conquistado ao longo de mais de 120 anos de atua\u00e7\u00e3o no mercado, sempre baseados em uma rela\u00e7\u00e3o transparente, \u00e9tica e comprometida com a sustentabilidade.<\/p>\n\t\t<\/div>\n\t\t\t<\/div>\n\n\t\n<\/div>\n\t\t<\/div>\n\n\t\t\n<style>\n#section_1570215945 {\n  padding-top: 30px;\n  padding-bottom: 30px;\n}\n<\/style>\n\t<\/section>\n\t\n\t<section class=\"section\" id=\"section_1969152667\">\n\t\t<div class=\"bg section-bg fill bg-fill  bg-loaded\" >\n\n\t\t\t\n\t\t\t\n\t\t\t\n\n\t\t<\/div>\n\n\t\t<div class=\"section-content relative\">\n\t\t\t\n<div class=\"row row-small align-middle\"  id=\"row-446291792\">\n\n\t<div id=\"col-1089381522\" class=\"col medium-4 small-12 large-4\"  >\n\t\t<div class=\"col-inner\"  >\n\t\t\t\n\t\t\t\n\t<div class=\"box has-hover   has-hover box-shade dark box-text-bottom\" >\n\n\t\t<div class=\"box-image\" >\n\t\t\t<a href=\"https:\/\/jrqseguros.com.br\/sulamerica-seguros\/viagem\/\"  >\t\t\t<div class=\"image-cover\" style=\"padding-top:200px;\">\n\t\t\t\t<img loading=\"lazy\" decoding=\"async\" width=\"2121\" height=\"1326\" src=\"https:\/\/jrqseguros.com.br\/sulamerica-seguros\/wp-content\/uploads\/2020\/08\/SEGURO-VIAGEM-SULAMERICA.jpg\" class=\"attachment- size-\" alt=\"\" srcset=\"https:\/\/jrqseguros.com.br\/sulamerica-seguros\/wp-content\/uploads\/2020\/08\/SEGURO-VIAGEM-SULAMERICA.jpg 2121w, https:\/\/jrqseguros.com.br\/sulamerica-seguros\/wp-content\/uploads\/2020\/08\/SEGURO-VIAGEM-SULAMERICA-300x188.jpg 300w, https:\/\/jrqseguros.com.br\/sulamerica-seguros\/wp-content\/uploads\/2020\/08\/SEGURO-VIAGEM-SULAMERICA-1024x640.jpg 1024w, https:\/\/jrqseguros.com.br\/sulamerica-seguros\/wp-content\/uploads\/2020\/08\/SEGURO-VIAGEM-SULAMERICA-768x480.jpg 768w, https:\/\/jrqseguros.com.br\/sulamerica-seguros\/wp-content\/uploads\/2020\/08\/SEGURO-VIAGEM-SULAMERICA-1536x960.jpg 1536w, https:\/\/jrqseguros.com.br\/sulamerica-seguros\/wp-content\/uploads\/2020\/08\/SEGURO-VIAGEM-SULAMERICA-2048x1280.jpg 2048w\" sizes=\"(max-width: 2121px) 100vw, 2121px\" \/>\t\t\t\t<div class=\"overlay\" style=\"background-color:rgba(11, 46, 112, 0.41)\"><\/div>\t\t\t\t<div class=\"shade\"><\/div>\t\t\t<\/div>\n\t\t\t<\/a>\t\t<\/div>\n\n\t\t<div class=\"box-text text-center\" >\n\t\t\t<div class=\"box-text-inner\">\n\t\t\t\t\n\t<div id=\"text-3677390931\" class=\"text\">\n\t\t\n<p><a href=\"https:\/\/jrqseguros.com.br\/sulamerica-seguros\/viagem\/\"><\/p>\n<h4 style=\"text-align: left; font-size:40px\">Seguro <br \/>Viagem<\/h4>\n<p><\/a><br \/>\n\t\t\n<style>\n#text-3677390931 {\n  text-align: left;\n}\n<\/style>\n\t<\/div>\n\t\n\t\t\t<\/div>\n\t\t<\/div>\n\t<\/div>\n\t\n\t\t<\/div>\n\t\t\t<\/div>\n\n\t\n\n\t<div id=\"col-1102829979\" class=\"col medium-4 small-12 large-4\"  >\n\t\t<div class=\"col-inner\"  >\n\t\t\t\n\t\t\t\n\t<div class=\"box has-hover   has-hover box-shade dark box-text-bottom\" >\n\n\t\t<div class=\"box-image\" >\n\t\t\t<a href=\"https:\/\/jrqseguros.com.br\/sulamerica-seguros\/saude\/\"  >\t\t\t<div class=\"image-cover\" style=\"padding-top:200px;\">\n\t\t\t\t<img loading=\"lazy\" decoding=\"async\" width=\"1920\" height=\"1080\" src=\"https:\/\/jrqseguros.com.br\/sulamerica-seguros\/wp-content\/uploads\/2020\/08\/SEGURO-SAUDE-SULAMERICA.jpg\" class=\"attachment- size-\" alt=\"\" srcset=\"https:\/\/jrqseguros.com.br\/sulamerica-seguros\/wp-content\/uploads\/2020\/08\/SEGURO-SAUDE-SULAMERICA.jpg 1920w, https:\/\/jrqseguros.com.br\/sulamerica-seguros\/wp-content\/uploads\/2020\/08\/SEGURO-SAUDE-SULAMERICA-300x169.jpg 300w, https:\/\/jrqseguros.com.br\/sulamerica-seguros\/wp-content\/uploads\/2020\/08\/SEGURO-SAUDE-SULAMERICA-1024x576.jpg 1024w, https:\/\/jrqseguros.com.br\/sulamerica-seguros\/wp-content\/uploads\/2020\/08\/SEGURO-SAUDE-SULAMERICA-768x432.jpg 768w, https:\/\/jrqseguros.com.br\/sulamerica-seguros\/wp-content\/uploads\/2020\/08\/SEGURO-SAUDE-SULAMERICA-1536x864.jpg 1536w\" sizes=\"(max-width: 1920px) 100vw, 1920px\" \/>\t\t\t\t<div class=\"overlay\" style=\"background-color:rgba(11, 46, 112, 0.41)\"><\/div>\t\t\t\t<div class=\"shade\"><\/div>\t\t\t<\/div>\n\t\t\t<\/a>\t\t<\/div>\n\n\t\t<div class=\"box-text text-center\" >\n\t\t\t<div class=\"box-text-inner\">\n\t\t\t\t\n\t<div id=\"text-1872260410\" class=\"text\">\n\t\t\n<p><a href=\"https:\/\/jrqseguros.com.br\/sulamerica-seguros\/saude\/\"><\/p>\n<h4 style=\"text-align: left; font-size: 40px;\">Seguro <br \/>Sa\u00fade<\/h4>\n<p><\/a><br \/>\n\t\t\n<style>\n#text-1872260410 {\n  text-align: left;\n}\n<\/style>\n\t<\/div>\n\t\n\t\t\t<\/div>\n\t\t<\/div>\n\t<\/div>\n\t\n\t\t<\/div>\n\t\t\t<\/div>\n\n\t\n\n\t<div id=\"col-371500185\" class=\"col medium-4 small-12 large-4\"  >\n\t\t<div class=\"col-inner\"  >\n\t\t\t\n\t\t\t\n\t<div class=\"box has-hover   has-hover box-shade dark box-text-bottom\" >\n\n\t\t<div class=\"box-image\" >\n\t\t\t<a href=\"https:\/\/jrqseguros.com.br\/sulamerica-seguros\/vida\/\"  >\t\t\t<div class=\"image-cover\" style=\"padding-top:200px;\">\n\t\t\t\t<img loading=\"lazy\" decoding=\"async\" width=\"1600\" height=\"657\" src=\"https:\/\/jrqseguros.com.br\/sulamerica-seguros\/wp-content\/uploads\/2020\/08\/SEGURO-DE-VIDA-SULAMERICA.jpg\" class=\"attachment- size-\" alt=\"\" srcset=\"https:\/\/jrqseguros.com.br\/sulamerica-seguros\/wp-content\/uploads\/2020\/08\/SEGURO-DE-VIDA-SULAMERICA.jpg 1600w, https:\/\/jrqseguros.com.br\/sulamerica-seguros\/wp-content\/uploads\/2020\/08\/SEGURO-DE-VIDA-SULAMERICA-300x123.jpg 300w, https:\/\/jrqseguros.com.br\/sulamerica-seguros\/wp-content\/uploads\/2020\/08\/SEGURO-DE-VIDA-SULAMERICA-1024x420.jpg 1024w, https:\/\/jrqseguros.com.br\/sulamerica-seguros\/wp-content\/uploads\/2020\/08\/SEGURO-DE-VIDA-SULAMERICA-768x315.jpg 768w, https:\/\/jrqseguros.com.br\/sulamerica-seguros\/wp-content\/uploads\/2020\/08\/SEGURO-DE-VIDA-SULAMERICA-1536x631.jpg 1536w\" sizes=\"(max-width: 1600px) 100vw, 1600px\" \/>\t\t\t\t<div class=\"overlay\" style=\"background-color:rgba(11, 46, 112, 0.41)\"><\/div>\t\t\t\t<div class=\"shade\"><\/div>\t\t\t<\/div>\n\t\t\t<\/a>\t\t<\/div>\n\n\t\t<div class=\"box-text text-center\" >\n\t\t\t<div class=\"box-text-inner\">\n\t\t\t\t\n\t<div id=\"text-1722042789\" class=\"text\">\n\t\t\n<p><a href=\"https:\/\/jrqseguros.com.br\/sulamerica-seguros\/vida\/\"><\/p>\n<h4 style=\"text-align: left; font-size: 40px;\">Seguro<br \/>de Vida<\/h4>\n<p><\/a><br \/>\n\t\t\n<style>\n#text-1722042789 {\n  text-align: left;\n}\n<\/style>\n\t<\/div>\n\t\n\t\t\t<\/div>\n\t\t<\/div>\n\t<\/div>\n\t\n\t\t<\/div>\n\t\t\t<\/div>\n\n\t\n<\/div>\n\t\t<\/div>\n\n\t\t\n<style>\n#section_1969152667 {\n  padding-top: 30px;\n  padding-bottom: 30px;\n}\n<\/style>\n\t<\/section>\n\t\n","protected":false},"excerpt":{"rendered":"","protected":false},"author":1,"featured_media":0,"parent":0,"menu_order":0,"comment_status":"closed","ping_status":"closed","template":"page-blank.php","meta":{"footnotes":""},"class_list":["post-12","page","type-page","status-publish","hentry"],"_links":{"self":[{"href":"https:\/\/jrqseguros.com.br\/sulamerica-seguros\/wp-json\/wp\/v2\/pages\/12"}],"collection":[{"href":"https:\/\/jrqseguros.com.br\/sulamerica-seguros\/wp-json\/wp\/v2\/pages"}],"about":[{"href":"https:\/\/jrqseguros.com.br\/sulamerica-seguros\/wp-json\/wp\/v2\/types\/page"}],"author":[{"embeddable":true,"href":"https:\/\/jrqseguros.com.br\/sulamerica-seguros\/wp-json\/wp\/v2\/users\/1"}],"replies":[{"embeddable":true,"href":"https:\/\/jrqseguros.com.br\/sulamerica-seguros\/wp-json\/wp\/v2\/comments?post=12"}],"version-history":[{"count":30,"href":"https:\/\/jrqseguros.com.br\/sulamerica-seguros\/wp-json\/wp\/v2\/pages\/12\/revisions"}],"predecessor-version":[{"id":32384,"href":"https:\/\/jrqseguros.com.br\/sulamerica-seguros\/wp-json\/wp\/v2\/pages\/12\/revisions\/32384"}],"wp:attachment":[{"href":"https:\/\/jrqseguros.com.br\/sulamerica-seguros\/wp-json\/wp\/v2\/media?parent=12"}],"curies":[{"name":"wp","href":"https:\/\/api.w.org\/{rel}","templated":true}]}}