{"id":18,"date":"2020-08-25T11:57:35","date_gmt":"2020-08-25T14:57:35","guid":{"rendered":"https:\/\/jrqseguros.com.br\/sulamerica-seguros\/?page_id=18"},"modified":"2025-04-22T16:51:51","modified_gmt":"2025-04-22T19:51:51","slug":"vida","status":"publish","type":"page","link":"https:\/\/jrqseguros.com.br\/sulamerica-seguros\/vida\/","title":{"rendered":"Vida"},"content":{"rendered":"  <div id=\"page-header-2004185737\" class=\"page-header-wrapper\">\n  <div class=\"page-title dark featured-title\">\n\n        <div class=\"page-title-bg\">\n      <div class=\"title-bg fill bg-fill\"\n        data-parallax-container=\".page-title\"\n        data-parallax-background\n        data-parallax=\"-\">\n      <\/div>\n      <div class=\"title-overlay fill\"><\/div>\n    <\/div>\n    \n    <div class=\"page-title-inner container align-center flex-row medium-flex-wrap\" >\n              <div class=\"title-wrapper flex-col text-left medium-text-center\">\n          <h1 class=\"entry-title mb-0\">\n            Vida          <\/h1>\n        <\/div>\n                    <div class=\"title-content flex-col flex-right text-right medium-text-center\">\n        <div class=\"title-breadcrumbs pb-half pt-half\"><\/div>      <\/div>\n    <\/div>\n\n     \n<style>\n#page-header-2004185737 .title-overlay {\n  background-color: rgb(247, 106, 24);\n}\n#page-header-2004185737 .featured-title {\n  background-color: rgb(247, 106, 24);\n}\n<\/style>\n  <\/div>\n    <\/div>\n  \n\t<section class=\"section\" id=\"section_206951583\">\n\t\t<div class=\"bg section-bg fill bg-fill  bg-loaded\" >\n\n\t\t\t\n\t\t\t\n\t\t\t\n\n\t\t<\/div>\n\n\t\t<div class=\"section-content relative\">\n\t\t\t\n<div class=\"row\"  id=\"row-209181978\">\n\n\t<div id=\"col-308748603\" class=\"col medium-7 small-12 large-7\"  >\n\t\t<div class=\"col-inner\"  >\n\t\t\t\n\t\t\t\n<p>De forma f\u00e1cil e sem complica\u00e7\u00f5es, garanta a sua tranq\u00fcilidade e toda a sua fam\u00edlia e aproveite o que a vida tem de melhor\u00a0&#8211; n\u00f3s cuidamos de todo o resto para voc\u00ea.<\/p>\n<p>A SulAm\u00e9rica Vida tem as melhores coberturas em n\u00e3o s\u00f3 para Mortes, mas tamb\u00e9m em Vida, al\u00e9m de Morte por qualquer causa. Os diferenciais abaixo lhe garantem a tranquilidade que voc\u00ea precisa para viver bem.<\/p>\n<p><strong>Indeniza\u00e7\u00f5es:<\/strong><\/p>\n<ul>\n<li>Invalidez Total ou Parcial por Acidente<\/li>\n<li>Funeral Familiar Ampliado (Pais e Sogros sem limite de idades)<\/li>\n<li>Doen\u00e7as Graves (valor resgat\u00e1vel em caso de diagn\u00f3stico de doen\u00e7as graves)<\/li>\n<li>Di\u00e1ria por Incapacidade Tempor\u00e1ria<\/li>\n<li>Di\u00e1ria por Incapacidade Tempor\u00e1ria com extens\u00e3o para<\/li>\n<li>LER: Les\u00e3o por Esfor\u00e7o Repetitivo<\/li>\n<li>DORT: Dist\u00farbios Osteomusculares Relacionados ao Trabalho<\/li>\n<li>LTC: Les\u00e3o por Trauma Continuado ou Cont\u00ednuo<\/li>\n<li>H\u00e9rnia<\/li>\n<\/ul>\n<div class=\"accordion\" rel=\"\">\n<div class=\"accordion-item\"><a href=\"#\" class=\"accordion-title plain\"><button class=\"toggle\"><i class=\"icon-angle-down\"><\/i><\/button><span>Seguro de Vida Individual<\/span><\/a><div class=\"accordion-inner\">\n<p>A SulAm\u00e9rica cuida de tudo aquilo que \u00e9 importante para proteger a sua vida e a de quem voc\u00ea mais ama.<\/p>\n<p>O SulAm\u00e9rica Vida Individual \u00e9 um seguro de vida desenvolvido especialmente para voc\u00ea, que busca tranquilidade para aproveitar os bons momentos com mais liberdade e seguran\u00e7a. Conhe\u00e7a todas as coberturas e benef\u00edcios do SulAm\u00e9rica Vida Individual e descubra como aproveitar cada novo instante de sua vida.<\/p>\n<p>O SulAm\u00e9rica Vida Individual possui v\u00e1rias coberturas dispon\u00edveis para contrata\u00e7\u00e3o, o que possibilita uma personaliza\u00e7\u00e3o do seguro para voc\u00ea conforme suas necessidades.<\/p>\n<p><strong>Cobertura (obrigat\u00f3ria para contrata\u00e7\u00e3o) \u00a0<\/strong><\/p>\n<ul>\n<li><strong>Morte:<\/strong> os benefici\u00e1rios receber\u00e3o o valor do capital segurado para a cobertura.<\/li>\n<li><strong>Morte Acidental &#8211; MA:<\/strong> os benefici\u00e1rios receber\u00e3o o valor do capital segurado para a cobertura.\u00a0<\/li>\n<\/ul>\n<p><strong>Coberturas opcionais:<\/strong> \u00a0<\/p>\n<ul>\n<li>Morte com extens\u00e3o ao c\u00f4njuge: Morte com extens\u00e3o ao c\u00f4njuge: assegura o pagamento de 50% do capital segurado contratado para o segurado principal no caso de falecimento do seu c\u00f4njuge.<\/li>\n<li>Invalidez Permanente Total ou Parcial por Acidente &#8211; IPA: Em caso de les\u00e3o f\u00edsica, redu\u00e7\u00e3o ou impot\u00eancia funcional definitiva total ou parcial de membro ou \u00f3rg\u00e3o, causada por acidente pessoal coberto, o pr\u00f3prio segurado receber\u00e1 o valor do capital segurado para a cobertura.<\/li>\n<li>Invalidez Permanente Parcial por Acidente Majorada &#8211; IPA Majorada*: O segurado receber\u00e1 100% do capital segurado contratado para a cobertura de Invalidez Permanente Total ou Parcial por Acidente, em caso de les\u00e3o nos \u00f3rg\u00e3os ou membros majorados, decorrentes de acidente coberto e que cause a invalidez parcial.\u00a0<\/li>\n<\/ul>\n<p><strong>O cliente pode escolher um dos tr\u00eas planos: IPA MAJORADA B\u00c1SICA, IPA MAJORADA, IPA MAJORADA MASTER.<\/strong> \u00a0 <br \/>*Cobertura dispon\u00edvel para contrata\u00e7\u00e3o para segurados(as) que exer\u00e7am a profiss\u00e3o de m\u00e9dico ou dentista. \u00a0<\/p>\n<ul>\n<li>Doen\u00e7as Graves &#8211; DG: no caso de diagn\u00f3stico em est\u00e1gio avan\u00e7ado de alguma das doen\u00e7as abaixo, o segurado receber\u00e1 o pagamento de um capital para ajud\u00e1-lo durante o per\u00edodo do tratamento. <br \/>&#8211; Acidente Vascular Cerebral.\u00a0 <br \/>&#8211; Cirurgia Coronariana.\u00a0<br \/>&#8211; Insufici\u00eancia Renal Cr\u00f4nica.\u00a0 <br \/>&#8211; Neoplasia (diagn\u00f3stico de Tumor Maligno). <br \/>&#8211; Transplante de \u00d3rg\u00e3os Vitais: cora\u00e7\u00e3o, f\u00edgado, medula \u00f3ssea, p\u00e2ncreas e pulm\u00e3o, desde que seja comprovado como \u00fanico recurso para recupera\u00e7\u00e3o do \u00f3rg\u00e3o afetado. \u00a0<\/li>\n<li>Invalidez Funcional Total e Permanente por Doen\u00e7a &#8211; IFPD: em caso da perda da independ\u00eancia causada por alguma doen\u00e7a, haver\u00e1 uma indeniza\u00e7\u00e3o no valor do capital segurado contratado. \u00a0<\/li>\n<li>Despesas M\u00e9dicas, Hospitalares e Odontol\u00f3gicas &#8211; DMHO: se o segurado sofrer algum acidente pessoal coberto, as despesas m\u00e9dicas, hospitalares e odontol\u00f3gicas ser\u00e3o reembolsadas.<\/li>\n<li>Di\u00e1ria por Incapacidade Tempor\u00e1ria &#8211; DIT: em caso de afastamento do exerc\u00edcio da ocupa\u00e7\u00e3o remunerada, ocasionado por doen\u00e7a ou acidente pessoal coberto, a cobertura garante ao segurado o pagamento de di\u00e1rias contratadas pelo per\u00edodo que n\u00e3o puder trabalhar. \u00a0<\/li>\n<li>Funeral Individual: No caso de morte do segurado, a fam\u00edlia n\u00e3o precisar\u00e1 se preocupar com as despesas do funeral, a SulAm\u00e9rica cuidar\u00e1 disso. Presta\u00e7\u00e3o direta de servi\u00e7o de sepultamento ou reembolso.<\/li>\n<\/ul>\n<p><strong>Vig\u00eancia e Renova\u00e7\u00e3o<\/strong><\/p>\n<p>A vig\u00eancia do SulAm\u00e9rica Vida Individual ser\u00e1 anual, e poder\u00e1 ser renovada automaticamente por mais um igual per\u00edodo.<\/p>\n<\/div><\/div>\n<div class=\"accordion-item\"><a href=\"#\" class=\"accordion-title plain\"><button class=\"toggle\"><i class=\"icon-angle-down\"><\/i><\/button><span>Benef\u00edcios e Assist\u00eancia Seguro de Vida Individual<\/span><\/a><div class=\"accordion-inner\">\n<p>Ao contratar o SulAm\u00e9rica Vida Individual, voc\u00ea conta com v\u00e1rios benef\u00edcios que podem ser usados durante a vig\u00eancia do seu seguro.<\/p>\n<ul>\n<li><strong>Assist\u00eancia Funeral Familiar: <\/strong>Servi\u00e7o de assist\u00eancia para voc\u00ea no caso de morte do Segurado titular, seu c\u00f4njuge ou companheiro(a) e seus filhos de acordo com regulamento do imposto de renda. Dessa forma, voc\u00ea poder\u00e1 contar com a presta\u00e7\u00e3o direta dos servi\u00e7os para a realiza\u00e7\u00e3o do funeral. Para a contrata\u00e7\u00e3o da assist\u00eancia, ser\u00e1 cobrado adicional que ser\u00e1 somado ao valor do pr\u00eamio do seguro.<\/li>\n<li><strong style=\"color: #555555;\">Assist\u00eancia Funeral Familiar Ampliado: <\/strong>Servi\u00e7o de assist\u00eancia para voc\u00ea no caso de morte do Segurado titular, seu c\u00f4njuge ou companheira (o) e seus filhos de acordo com regulamento do imposto de renda, pais e sogros. Dessa forma, voc\u00ea poder\u00e1 contar com a presta\u00e7\u00e3o direta dos servi\u00e7os para a realiza\u00e7\u00e3o do funeral. Para a contrata\u00e7\u00e3o da assist\u00eancia, ser\u00e1 cobrado adicional que ser\u00e1 somado ao valor do pr\u00eamio do seguro.\u00a0 \u00a0<\/li>\n<li><strong style=\"color: #555555;\">Rede de Descontos em Farm\u00e1cias: <\/strong>Tenha acesso a descontos e condi\u00e7\u00f5es especiais em farm\u00e1cias da rede credenciada.<\/li>\n<\/ul>\n<p>Assist\u00eancia Bem-estar que contempla:<\/p>\n<ul>\n<li>\n<p><strong>Segunda Opini\u00e3o M\u00e9dica Internacional: <\/strong>Em caso de doen\u00e7as complexas cobertas, voc\u00ea ter\u00e1 direito a uma segunda opini\u00e3o com um m\u00e9dico reconhecido internacionalmente.<\/p>\n<\/li>\n<li>\n<p><strong>Assist\u00eancia Residencial: <\/strong>Servi\u00e7os para pequenos reparos como chaveiro, eletricista e outros profissionais. Conte tamb\u00e9m com os servi\u00e7os de vigil\u00e2ncia e seguran\u00e7a, em caso de roubo e furto na resid\u00eancia, e servi\u00e7os dom\u00e9sticos provis\u00f3rios, em caso de hospitaliza\u00e7\u00e3o da Segurada ou da dom\u00e9stica registrada em carteira.<\/p>\n<\/li>\n<li>\n<p><strong>Servi\u00e7o Faz-Tudo: <\/strong>Fixa\u00e7\u00e3o de quadros, cortinas, prateleiras, olho m\u00e1gico, entre outros.<\/p>\n<\/li>\n<\/ul>\n<\/div><\/div>\n<div class=\"accordion-item\"><a href=\"#\" class=\"accordion-title plain\"><button class=\"toggle\"><i class=\"icon-angle-down\"><\/i><\/button><span>Seguro de Vida Mulher<\/span><\/a><div class=\"accordion-inner\">\n<p>Um seguro de vida feito especialmente para voc\u00ea, mulher. Al\u00e9m de garantir a seguran\u00e7a dos seus filhos e familiares, em casos de imprevistos, oferece diversas vantagens como a Assist\u00eancia Bem-estar que contempla Assist\u00eancia Residencial, Servi\u00e7o Faz Tudo, Segunda Opini\u00e3o M\u00e9dica Internacional, Assist\u00eancia a Filhos, entre outras.\u00a0<\/p>\n<\/div><\/div>\n<div class=\"accordion-item\"><a href=\"#\" class=\"accordion-title plain\"><button class=\"toggle\"><i class=\"icon-angle-down\"><\/i><\/button><span>Seguro Acidentes Pessoais<\/span><\/a><div class=\"accordion-inner\">\n<p>Para prote\u00e7\u00e3o e tranquilidade em caso de imprevistos, o SulAm\u00e9rica Acidentes Pessoais \u00e9 a alternativa ideal.<\/p>\n<\/div><\/div>\n<div class=\"accordion-item\"><a href=\"#\" class=\"accordion-title plain\"><button class=\"toggle\"><i class=\"icon-angle-down\"><\/i><\/button><span>Seguro SulAm\u00e9rica Vida Simples<\/span><\/a><div class=\"accordion-inner\">\n<p>O\u00a0SulAm\u00e9rica Vida Simples\u00a0\u00e9 ideal para voc\u00ea, que busca um seguro de contrata\u00e7\u00e3o r\u00e1pida, simples e que oferece prote\u00e7\u00e3o e tranquilidade em caso de imprevistos.<\/p>\n<p>Al\u00e9m disso, o segurado poder\u00e1 contar com uma ampla rede de descontos em farm\u00e1cias e ainda participar mensalmente de sorteios com pr\u00eamios em dinheiro.<\/p>\n<\/div><\/div>\n<\/div>\n\t\t<\/div>\n\t\t\t<\/div>\n\n\t\n\n\t<div id=\"col-484017188\" class=\"col medium-5 small-12 large-5\"  >\n\t\t<div class=\"col-inner\"  >\n\t\t\t\n\t\t\t\n<div class=\"row\"  id=\"row-2092082281\">\n\n\t<div id=\"col-1832174486\" class=\"col small-12 large-12\"  >\n\t\t<div class=\"col-inner text-left\" style=\"background-color:#0b2e70;\" >\n\t\t\t\n\t\t\t\n\t<div id=\"text-3716876370\" class=\"text\">\n\t\t\n<p><!-- hide for mobile --><\/p>\n<p><iframe src=\"https:\/\/jrqseguros.com.br\/form-sulamerica-vida\/\" width=\"100%\" frameborder=\"0\" scrolling=\"no\" height=490px><\/iframe><\/p>\n<p><!-- hide for mobile --><br \/>\n\t\t\n<style>\n#text-3716876370 {\n  text-align: left;\n  color: #0b2e70;\n}\n#text-3716876370 > * {\n  color: #0b2e70;\n}\n<\/style>\n\t<\/div>\n\t\n\t\t<\/div>\n\t\t\t<\/div>\n\n\t\n<\/div>\n<div class=\"slider-wrapper relative\" id=\"slider-1390240415\" >\n    <div class=\"slider slider-nav-circle slider-nav-large slider-nav-light slider-style-normal\"\n        data-flickity-options='{\n            \"cellAlign\": \"center\",\n            \"imagesLoaded\": true,\n            \"lazyLoad\": 1,\n            \"freeScroll\": false,\n            \"wrapAround\": true,\n            \"autoPlay\": 2000,\n            \"pauseAutoPlayOnHover\" : true,\n            \"prevNextButtons\": false,\n            \"contain\" : true,\n            \"adaptiveHeight\" : true,\n            \"dragThreshold\" : 10,\n            \"percentPosition\": true,\n            \"pageDots\": false,\n            \"rightToLeft\": false,\n            \"draggable\": true,\n            \"selectedAttraction\": 0.1,\n            \"parallax\" : 0,\n            \"friction\": 0.6        }'\n        >\n        \n\n  <div class=\"banner has-hover\" id=\"banner-766100689\">\n          <div class=\"banner-inner fill\">\n        <div class=\"banner-bg fill\" >\n            <div class=\"bg fill bg-fill \"><\/div>\n                        <div class=\"overlay\"><\/div>            \n                    <\/div>\n        <div class=\"banner-layers container\">\n            <div class=\"fill banner-link\"><\/div>            \n   <div id=\"text-box-49412288\" class=\"text-box banner-layer x50 md-x50 lg-x50 y50 md-y50 lg-y50 res-text\">\n                                <div class=\"text-box-content text dark\">\n              \n              <div class=\"text-inner text-center\">\n                  \n\t<div id=\"text-1883412742\" class=\"text\">\n\t\t\n<h3 class=\"uppercase\" style=\"margin-bottom:0px\"><strong>SIMULE E CONTRATE SEU SEGURO DE VIDA SEM SAIR DE CASA<\/strong><\/h3>\n\t\t\n<style>\n#text-1883412742 {\n  font-size: 0.75rem;\n}\n<\/style>\n\t<\/div>\n\t\n\t<div id=\"text-277753661\" class=\"text\">\n\t\t\n<p style=\"margin-bottom:0px\">Calcule quanto vai custar seu seguro de vida em poucos instantes pelo nosso site.<\/p>\n\t\t\n<style>\n#text-277753661 {\n  font-size: 1.25rem;\n  line-height: 1.25;\n}\n<\/style>\n\t<\/div>\n\t\n\t<div id=\"gap-1537973465\" class=\"gap-element clearfix\" style=\"display:block; height:auto;\">\n\t\t\n<style>\n#gap-1537973465 {\n  padding-top: 12px;\n}\n<\/style>\n\t<\/div>\n\t\n<a data-animate=\"bounceInUp\" rel=\"noopener noreferrer\" href=\"https:\/\/portal.sulamericaseguros.com.br\/seguroviagem?idLink=C21118T\" target=\"_blank\" class=\"button primary is-xxlarge\"  >\n    <span>SIMULAR AGORA<\/span>\n  <\/a>\n\n              <\/div>\n           <\/div>\n                            \n<style>\n#text-box-49412288 {\n  width: 82%;\n}\n#text-box-49412288 .text-box-content {\n  font-size: 100%;\n}\n<\/style>\n    <\/div>\n \n        <\/div>\n      <\/div>\n\n            \n<style>\n#banner-766100689 {\n  padding-top: 293px;\n}\n#banner-766100689 .bg.bg-loaded {\n  background-image: url(https:\/\/jrqseguros.com.br\/sulamerica-seguros\/wp-content\/uploads\/2023\/06\/fundo-vida.png);\n}\n#banner-766100689 .overlay {\n  background-color: rgba(247, 106, 24, 0.826);\n}\n#banner-766100689 .bg {\n  background-position: 0% 46%;\n}\n<\/style>\n  <\/div>\n\n\n\n  <div class=\"banner has-hover\" id=\"banner-1060247648\">\n          <div class=\"banner-inner fill\">\n        <div class=\"banner-bg fill\" >\n            <div class=\"bg fill bg-fill \"><\/div>\n                        <div class=\"overlay\"><\/div>            \n                    <\/div>\n        <div class=\"banner-layers container\">\n            <div class=\"fill banner-link\"><\/div>            \n   <div id=\"text-box-463435765\" class=\"text-box banner-layer x50 md-x50 lg-x50 y50 md-y50 lg-y50 res-text\">\n                                <div class=\"text-box-content text dark\">\n              \n              <div class=\"text-inner text-center\">\n                  \n\t<div id=\"text-79742893\" class=\"text\">\n\t\t\n<h3 class=\"uppercase\" style=\"margin-bottom: 0px;\"><strong>contrate seu seguro de vida online<\/strong><\/h3>\n\t\t\n<style>\n#text-79742893 {\n  font-size: 0.75rem;\n}\n<\/style>\n\t<\/div>\n\t\n\t<div id=\"text-3068388378\" class=\"text\">\n\t\t\n<p style=\"margin-bottom: 0px;\">Simule e contrate seu seguro de vida em poucos instantes pelo site.<\/p>\n\t\t\n<style>\n#text-3068388378 {\n  font-size: 1.25rem;\n  line-height: 1.25;\n}\n<\/style>\n\t<\/div>\n\t\n\t<div id=\"gap-757595072\" class=\"gap-element clearfix\" style=\"display:block; height:auto;\">\n\t\t\n<style>\n#gap-757595072 {\n  padding-top: 12px;\n}\n<\/style>\n\t<\/div>\n\t\n<a data-animate=\"bounceInUp\" rel=\"noopener noreferrer\" href=\"https:\/\/portal.sulamericaseguros.com.br\/seguroviagem?idLink=C21118T\" target=\"_blank\" class=\"button primary is-xxlarge\"  >\n    <span>CONTRATE ONLINE<\/span>\n  <\/a>\n\n              <\/div>\n           <\/div>\n                            \n<style>\n#text-box-463435765 {\n  width: 82%;\n}\n#text-box-463435765 .text-box-content {\n  font-size: 100%;\n}\n<\/style>\n    <\/div>\n \n        <\/div>\n      <\/div>\n\n            \n<style>\n#banner-1060247648 {\n  padding-top: 293px;\n}\n#banner-1060247648 .bg.bg-loaded {\n  background-image: url(https:\/\/jrqseguros.com.br\/sulamerica-seguros\/wp-content\/uploads\/2023\/06\/fundo-vida.png);\n}\n#banner-1060247648 .overlay {\n  background-color: rgba(247, 106, 24, 0.826);\n}\n#banner-1060247648 .bg {\n  background-position: 0% 46%;\n}\n<\/style>\n  <\/div>\n\n\n     <\/div>\n\n     <div class=\"loading-spin dark large centered\"><\/div>\n\n     \t<\/div>\n\n\n\t<div id=\"gap-1304924119\" class=\"gap-element clearfix\" style=\"display:block; height:auto;\">\n\t\t\n<style>\n#gap-1304924119 {\n  padding-top: 16px;\n}\n<\/style>\n\t<\/div>\n\t\n<div class=\"row row-collapse hide-for-small\"  id=\"row-883082396\">\r\n\r\n\n\t<div id=\"col-1912668918\" class=\"col small-12 large-12\"  >\n\t\t<div class=\"col-inner\"  >\n\t\t\t\n\t\t\t\r\n\r\n\t<div id=\"text-3238107783\" class=\"text\">\n\t\t\r\n\r\n<h2>SIMULE E CONTRATE ONLINE<\/H2>\r\n\t\t\n<style>\n#text-3238107783 {\n  text-align: center;\n  color: rgb(11, 46, 112);\n}\n#text-3238107783 > * {\n  color: rgb(11, 46, 112);\n}\n<\/style>\n\t<\/div>\n\t\r\n\n  <div class=\"banner has-hover\" id=\"banner-1843194261\">\n          <div class=\"banner-inner fill\">\n        <div class=\"banner-bg fill\" >\n            <div class=\"bg fill bg-fill \"><\/div>\n                        <div class=\"overlay\"><\/div>            \n                    <\/div>\n        <div class=\"banner-layers container\">\n            <div class=\"fill banner-link\"><\/div>            \r\n\r\n   <div id=\"text-box-1671257339\" class=\"text-box banner-layer x50 md-x50 lg-x50 y50 md-y50 lg-y50 res-text\">\n                                <div class=\"text-box-content text dark\">\n              \n              <div class=\"text-inner text-center\">\n                  \r\n\r\n<h3 class=\"uppercase\"><strong>SEGURO VIAGEM<\/strong><\/h3>\r\n<a href=\"https:\/\/jrqseguros.com.br\/sulamerica-seguros\/contratar-seguro-viagem-sulamerica-online\/\" target=\"_self\" class=\"button secondary is-larger\"  >\n    <span>CLIQUE AQUI<\/span>\n  <\/a>\n\r\n\r\n\r\n              <\/div>\n           <\/div>\n                            \n<style>\n#text-box-1671257339 {\n  width: 60%;\n}\n#text-box-1671257339 .text-box-content {\n  font-size: 100%;\n}\n<\/style>\n    <\/div>\n \r\n\r\n        <\/div>\n      <\/div>\n\n            \n<style>\n#banner-1843194261 {\n  padding-top: 108px;\n}\n#banner-1843194261 .bg.bg-loaded {\n  background-image: url(https:\/\/jrqseguros.com.br\/sulamerica-seguros\/wp-content\/uploads\/2020\/08\/SEGURO-VIAGEM-SULAMERICA-1024x640.jpg);\n}\n#banner-1843194261 .overlay {\n  background-color: rgba(11, 46, 112, 0.669);\n}\n#banner-1843194261 .bg {\n  background-position: 39% 45%;\n}\n<\/style>\n  <\/div>\n\n\r\n\n  <div class=\"banner has-hover\" id=\"banner-885644541\">\n          <div class=\"banner-inner fill\">\n        <div class=\"banner-bg fill\" >\n            <div class=\"bg fill bg-fill \"><\/div>\n                        <div class=\"overlay\"><\/div>            \n                    <\/div>\n        <div class=\"banner-layers container\">\n            <div class=\"fill banner-link\"><\/div>            \r\n\r\n   <div id=\"text-box-1327594874\" class=\"text-box banner-layer x50 md-x50 lg-x50 y50 md-y50 lg-y50 res-text\">\n                                <div class=\"text-box-content text dark\">\n              \n              <div class=\"text-inner text-center\">\n                  \r\n\r\n<h3 class=\"uppercase\"><strong>PLANO DENTAL<\/strong><\/h3>\r\n<a href=\"https:\/\/jrqseguros.com.br\/sulamerica-seguros\/contratar-plano-sulamerica-odonto\/\" target=\"_self\" class=\"button secondary is-larger\"  >\n    <span>CLIQUE AQUI<\/span>\n  <\/a>\n\r\n\r\n\r\n              <\/div>\n           <\/div>\n                            \n<style>\n#text-box-1327594874 {\n  width: 60%;\n}\n#text-box-1327594874 .text-box-content {\n  font-size: 100%;\n}\n<\/style>\n    <\/div>\n \r\n\r\n        <\/div>\n      <\/div>\n\n            \n<style>\n#banner-885644541 {\n  padding-top: 108px;\n}\n#banner-885644541 .bg.bg-loaded {\n  background-image: url(https:\/\/jrqseguros.com.br\/sulamerica-seguros\/wp-content\/uploads\/2021\/10\/original_Appointment.jpg);\n}\n#banner-885644541 .overlay {\n  background-color: rgba(11, 46, 112, 0.669);\n}\n#banner-885644541 .bg {\n  background-position: 7% 38%;\n}\n<\/style>\n  <\/div>\n\n\r\n\n  <div class=\"banner has-hover\" id=\"banner-1491048143\">\n          <div class=\"banner-inner fill\">\n        <div class=\"banner-bg fill\" >\n            <div class=\"bg fill bg-fill \"><\/div>\n                        <div class=\"overlay\"><\/div>            \n                    <\/div>\n        <div class=\"banner-layers container\">\n            <div class=\"fill banner-link\"><\/div>            \r\n\r\n   <div id=\"text-box-659183548\" class=\"text-box banner-layer x50 md-x50 lg-x50 y50 md-y50 lg-y50 res-text\">\n                                <div class=\"text-box-content text dark\">\n              \n              <div class=\"text-inner text-center\">\n                  \r\n\r\n<h3 class=\"uppercase\"><strong>SEGURO DE VIDA<\/strong><\/h3>\r\n<a rel=\"noopener noreferrer\" href=\"https:\/\/portal.sulamericaseguros.com.br\/seguroviagem?idLink=C21118T\" target=\"_blank\" class=\"button secondary is-larger\"  >\n    <span>CLIQUE AQUI<\/span>\n  <\/a>\n\r\n\r\n\r\n              <\/div>\n           <\/div>\n                            \n<style>\n#text-box-659183548 {\n  width: 60%;\n}\n#text-box-659183548 .text-box-content {\n  font-size: 100%;\n}\n<\/style>\n    <\/div>\n \r\n\r\n        <\/div>\n      <\/div>\n\n            \n<style>\n#banner-1491048143 {\n  padding-top: 108px;\n}\n#banner-1491048143 .bg.bg-loaded {\n  background-image: url(https:\/\/jrqseguros.com.br\/sulamerica-seguros\/wp-content\/uploads\/2020\/08\/SEGURO-DE-VIDA-SULAMERICA-1024x420.jpg);\n}\n#banner-1491048143 .overlay {\n  background-color: rgba(11, 46, 112, 0.669);\n}\n#banner-1491048143 .bg {\n  background-position: 7% 31%;\n}\n<\/style>\n  <\/div>\n\n\r\n\r\n\t\t<\/div>\n\t\t\t<\/div>\n\n\t\r\n\r\n<\/div>\n\t\t<\/div>\n\t\t\t<\/div>\n\n\t\n<\/div>\n\t\t<\/div>\n\n\t\t\n<style>\n#section_206951583 {\n  padding-top: 30px;\n  padding-bottom: 30px;\n}\n<\/style>\n\t<\/section>\n\t\n","protected":false},"excerpt":{"rendered":"","protected":false},"author":1,"featured_media":0,"parent":0,"menu_order":0,"comment_status":"closed","ping_status":"closed","template":"page-blank.php","meta":{"footnotes":""},"class_list":["post-18","page","type-page","status-publish","hentry"],"_links":{"self":[{"href":"https:\/\/jrqseguros.com.br\/sulamerica-seguros\/wp-json\/wp\/v2\/pages\/18"}],"collection":[{"href":"https:\/\/jrqseguros.com.br\/sulamerica-seguros\/wp-json\/wp\/v2\/pages"}],"about":[{"href":"https:\/\/jrqseguros.com.br\/sulamerica-seguros\/wp-json\/wp\/v2\/types\/page"}],"author":[{"embeddable":true,"href":"https:\/\/jrqseguros.com.br\/sulamerica-seguros\/wp-json\/wp\/v2\/users\/1"}],"replies":[{"embeddable":true,"href":"https:\/\/jrqseguros.com.br\/sulamerica-seguros\/wp-json\/wp\/v2\/comments?post=18"}],"version-history":[{"count":30,"href":"https:\/\/jrqseguros.com.br\/sulamerica-seguros\/wp-json\/wp\/v2\/pages\/18\/revisions"}],"predecessor-version":[{"id":32404,"href":"https:\/\/jrqseguros.com.br\/sulamerica-seguros\/wp-json\/wp\/v2\/pages\/18\/revisions\/32404"}],"wp:attachment":[{"href":"https:\/\/jrqseguros.com.br\/sulamerica-seguros\/wp-json\/wp\/v2\/media?parent=18"}],"curies":[{"name":"wp","href":"https:\/\/api.w.org\/{rel}","templated":true}]}}