{"id":32265,"date":"2023-03-10T10:09:06","date_gmt":"2023-03-10T13:09:06","guid":{"rendered":"https:\/\/jrqseguros.com.br\/sulamerica-seguros\/?page_id=32265"},"modified":"2025-05-13T12:23:17","modified_gmt":"2025-05-13T15:23:17","slug":"odonto-mais","status":"publish","type":"page","link":"https:\/\/jrqseguros.com.br\/sulamerica-seguros\/odonto-mais\/","title":{"rendered":"Odonto Mais"},"content":{"rendered":"  <div id=\"page-header-1998710871\" class=\"page-header-wrapper\">\n  <div class=\"page-title dark featured-title\">\n\n        <div class=\"page-title-bg\">\n      <div class=\"title-bg fill bg-fill\"\n        data-parallax-container=\".page-title\"\n        data-parallax-background\n        data-parallax=\"-\">\n      <\/div>\n      <div class=\"title-overlay fill\"><\/div>\n    <\/div>\n    \n    <div class=\"page-title-inner container align-center flex-row medium-flex-wrap\" >\n              <div class=\"title-wrapper flex-col text-left medium-text-center\">\n          <h1 class=\"entry-title mb-0\">\n            SulAm\u00e9rica Odonto Mais          <\/h1>\n        <\/div>\n                    <div class=\"title-content flex-col flex-right text-right medium-text-center\">\n        <div class=\"title-breadcrumbs pb-half pt-half\"><\/div>      <\/div>\n    <\/div>\n\n     \n<style>\n#page-header-1998710871 .title-overlay {\n  background-color: rgb(247, 106, 24);\n}\n#page-header-1998710871 .featured-title {\n  background-color: rgb(247, 106, 24);\n}\n<\/style>\n  <\/div>\n    <\/div>\n  \n\t<section class=\"section\" id=\"section_1698348197\">\n\t\t<div class=\"bg section-bg fill bg-fill  bg-loaded\" >\n\n\t\t\t\n\t\t\t\n\t\t\t\n\n\t\t<\/div>\n\n\t\t<div class=\"section-content relative\">\n\t\t\t\n<div class=\"row\"  id=\"row-766627101\">\n\n\t<div id=\"col-1318388831\" class=\"col medium-7 small-12 large-7\"  >\n\t\t<div class=\"col-inner\"  >\n\t\t\t\n\t\t\t\n<p>Os novos planos da linha Odonto Mais SulAm\u00e9rica garantem atendimento sob medida para voc\u00ea e sua fam\u00edlia! S\u00e3o mais de 28 mil dentistas em todo territ\u00f3rio nacional. Conhe\u00e7a as op\u00e7\u00f5es de planos e contrate sem sair de casa.<\/p>\n<div class=\"accordion\" rel=\"\">\n<div class=\"accordion-item\"><a href=\"#\" class=\"accordion-title plain\"><button class=\"toggle\"><i class=\"icon-angle-down\"><\/i><\/button><span>SulAm\u00e9rica Odonto Mais<\/span><\/a><div class=\"accordion-inner\">\n<p>Ampla cobertura com 218 procedimentos. Conhe\u00e7a os principais:<\/p>\n<ul>\n<li>Restaura\u00e7\u00f5es<\/li>\n<li>Radiografias<\/li>\n<li>Limpezas, preven\u00e7\u00e3o e aplica\u00e7\u00e3o de fl\u00faor<\/li>\n<li>Tratamento de canal dent\u00e1rio<\/li>\n<li>Tratamento gengival (de todas as doen\u00e7as associada a gengiva)<\/li>\n<li>Cirurgias e extra\u00e7\u00f5es (incluindo dente do Siso e inclusos)<\/li>\n<li>Bi\u00f3psias de boca<\/li>\n<li>Pr\u00f3tese simples unit\u00e1rias &#8211; (em resina e metal)<\/li>\n<li>Urg\u00eancia e Emerg\u00eancias 24h<\/li>\n<li>Clareamento unit\u00e1rio de dente desvitalizado<\/li>\n<\/ul>\n<\/div><\/div>\n<div class=\"accordion-item\"><a href=\"#\" class=\"accordion-title plain\"><button class=\"toggle\"><i class=\"icon-angle-down\"><\/i><\/button><span>SulAm\u00e9rica Odonto Mais DOC<\/span><\/a><div class=\"accordion-inner\">\n<p>Ampla cobertura com 229 procedimentos. Conhe\u00e7a os principais:<\/p>\n<ul>\n<li>Restaura\u00e7\u00f5es<\/li>\n<li>Radiografias<\/li>\n<li>Limpezas, preven\u00e7\u00e3o e aplica\u00e7\u00e3o de fl\u00faor<\/li>\n<li>Tratamento de canal dent\u00e1rio<\/li>\n<li>Tratamento gengival (de todas as doen\u00e7as associada a gengiva)<\/li>\n<li>Cirurgias e extra\u00e7\u00f5es (incluindo dente do Siso e inclusos)<\/li>\n<li>Bi\u00f3psias de boca<\/li>\n<li>Pr\u00f3tese simples unit\u00e1rias &#8211; (em resina e metal)<\/li>\n<li>Urg\u00eancia e Emerg\u00eancias 24h<\/li>\n<li>Clareamento unit\u00e1rio de dente desvitalizado<\/li>\n<li>Documenta\u00e7\u00e3o ortod\u00f4ntica<\/li>\n<\/ul>\n<\/div><\/div>\n<div class=\"accordion-item\"><a href=\"#\" class=\"accordion-title plain\"><button class=\"toggle\"><i class=\"icon-angle-down\"><\/i><\/button><span>SulAm\u00e9rica Odonto Mais Clareamento<\/span><\/a><div class=\"accordion-inner\">\n<p>Ampla cobertura com 221 procedimentos. Conhe\u00e7a os principais:<\/p>\n<ul>\n<li>Restaura\u00e7\u00f5es<\/li>\n<li>Radiografias<\/li>\n<li>Limpezas, preven\u00e7\u00e3o e aplica\u00e7\u00e3o de fl\u00faor<\/li>\n<li>Tratamento de canal dent\u00e1rio<\/li>\n<li>Tratamento gengival (de todas as doen\u00e7as associada a gengiva)<\/li>\n<li>Cirurgias e extra\u00e7\u00f5es (incluindo dente do Siso e inclusos)<\/li>\n<li>Bi\u00f3psias de boca<\/li>\n<li>Pr\u00f3tese simples unit\u00e1rias &#8211; (em resina e metal)<\/li>\n<li>Urg\u00eancia e Emerg\u00eancias 24h<\/li>\n<li>Clareamento unit\u00e1rio de dente desvitalizado<\/li>\n<li>Clareamento Convencional (gel + moldeiras)<\/li>\n<\/ul>\n<\/div><\/div>\n<div class=\"accordion-item\"><a href=\"#\" class=\"accordion-title plain\"><button class=\"toggle\"><i class=\"icon-angle-down\"><\/i><\/button><span>SulAm\u00e9rica Odonto Mais Orto<\/span><\/a><div class=\"accordion-inner\">\n<p>Ampla cobertura com 305 procedimentos. Conhe\u00e7a os principais:<\/p>\n<ul>\n<li>Restaura\u00e7\u00f5es<\/li>\n<li>Radiografias<\/li>\n<li>Limpezas, preven\u00e7\u00e3o e aplica\u00e7\u00e3o de fl\u00faor<\/li>\n<li>Tratamento de canal dent\u00e1rio<\/li>\n<li>Tratamento gengival (de todas as doen\u00e7as associada a gengiva)<\/li>\n<li>Cirurgias e extra\u00e7\u00f5es (incluindo dente do Siso e inclusos)<\/li>\n<li>Bi\u00f3psias de boca<\/li>\n<li>Pr\u00f3tese simples unit\u00e1rias &#8211; (em resina e metal)<\/li>\n<li>Urg\u00eancia e Emerg\u00eancias 24h<\/li>\n<li>Clareamento unit\u00e1rio de dente desvitalizado<\/li>\n<li>Tratamento ortod\u00f4ntico<\/li>\n<li>Documenta\u00e7\u00e3o e radiografias ortod\u00f4nticas<\/li>\n<li>Instala\u00e7\u00e3o de aparelho fixo met\u00e1lico<\/li>\n<li>Manuten\u00e7\u00e3o mensal de aparelho fixo met\u00e1lico<\/li>\n<\/ul>\n<\/div><\/div>\n<\/div>\n\t<div id=\"gap-21544371\" class=\"gap-element clearfix\" style=\"display:block; height:auto;\">\n\t\t\n<style>\n#gap-21544371 {\n  padding-top: 30px;\n}\n<\/style>\n\t<\/div>\n\t\n<div class=\"container section-title-container\" ><h3 class=\"section-title section-title-normal\"><b><\/b><span class=\"section-title-main\" >CONTRATE PELO SITE<\/span><b><\/b><\/h3><\/div>\n<div class=\"row\"  id=\"row-887918219\">\n\n\t<div id=\"col-1742624867\" class=\"col medium-6 small-12 large-6\"  >\n\t\t<div class=\"col-inner\"  >\n\t\t\t\n\t\t\t\n\t<div class=\"img has-hover x md-x lg-x y md-y lg-y\" id=\"image_1720484417\">\n\t\t<a class=\"\" href=\"https:\/\/sulamericaodontoindividual.com.br\/?corretora=jrq\" target=\"_blank\" rel=\"noopener noreferrer\" >\t\t\t\t\t\t<div class=\"img-inner dark\" >\n\t\t\t<img loading=\"lazy\" decoding=\"async\" width=\"252\" height=\"675\" src=\"https:\/\/jrqseguros.com.br\/sulamerica-seguros\/wp-content\/uploads\/2023\/03\/odonto-mais_03.png\" class=\"attachment-large size-large\" alt=\"\" srcset=\"https:\/\/jrqseguros.com.br\/sulamerica-seguros\/wp-content\/uploads\/2023\/03\/odonto-mais_03.png 252w, https:\/\/jrqseguros.com.br\/sulamerica-seguros\/wp-content\/uploads\/2023\/03\/odonto-mais_03-112x300.png 112w\" sizes=\"(max-width: 252px) 100vw, 252px\" \/>\t\t\t\t\t\t\n\t\t\t\t\t<\/div>\n\t\t\t\t\t\t<\/a>\t\t\n<style>\n#image_1720484417 {\n  width: 100%;\n}\n<\/style>\n\t<\/div>\n\t\n\t\t<\/div>\n\t\t\t<\/div>\n\n\t\n\n\t<div id=\"col-1518609758\" class=\"col medium-6 small-12 large-6\"  >\n\t\t<div class=\"col-inner\"  >\n\t\t\t\n\t\t\t\n\t<div class=\"img has-hover x md-x lg-x y md-y lg-y\" id=\"image_1785992544\">\n\t\t<a class=\"\" href=\"https:\/\/sulamericaodontoindividual.com.br\/?corretora=jrq\" target=\"_blank\" rel=\"noopener noreferrer\" >\t\t\t\t\t\t<div class=\"img-inner dark\" >\n\t\t\t<img loading=\"lazy\" decoding=\"async\" width=\"252\" height=\"675\" src=\"https:\/\/jrqseguros.com.br\/sulamerica-seguros\/wp-content\/uploads\/2023\/03\/odonto-mais_05.png\" class=\"attachment-large size-large\" alt=\"\" srcset=\"https:\/\/jrqseguros.com.br\/sulamerica-seguros\/wp-content\/uploads\/2023\/03\/odonto-mais_05.png 252w, https:\/\/jrqseguros.com.br\/sulamerica-seguros\/wp-content\/uploads\/2023\/03\/odonto-mais_05-112x300.png 112w\" sizes=\"(max-width: 252px) 100vw, 252px\" \/>\t\t\t\t\t\t\n\t\t\t\t\t<\/div>\n\t\t\t\t\t\t<\/a>\t\t\n<style>\n#image_1785992544 {\n  width: 100%;\n}\n<\/style>\n\t<\/div>\n\t\n\t\t<\/div>\n\t\t\t<\/div>\n\n\t\n<\/div>\n<div class=\"row\"  id=\"row-2137475295\">\n\n\t<div id=\"col-782003581\" class=\"col medium-6 small-12 large-6\"  >\n\t\t<div class=\"col-inner\"  >\n\t\t\t\n\t\t\t\n\t<div class=\"img has-hover x md-x lg-x y md-y lg-y\" id=\"image_1760536223\">\n\t\t<a class=\"\" href=\"https:\/\/sulamericaodontoindividual.com.br\/?corretora=jrq\" target=\"_blank\" rel=\"noopener noreferrer\" >\t\t\t\t\t\t<div class=\"img-inner dark\" >\n\t\t\t<img loading=\"lazy\" decoding=\"async\" width=\"252\" height=\"675\" src=\"https:\/\/jrqseguros.com.br\/sulamerica-seguros\/wp-content\/uploads\/2023\/03\/odonto-mais_07.png\" class=\"attachment-large size-large\" alt=\"\" srcset=\"https:\/\/jrqseguros.com.br\/sulamerica-seguros\/wp-content\/uploads\/2023\/03\/odonto-mais_07.png 252w, https:\/\/jrqseguros.com.br\/sulamerica-seguros\/wp-content\/uploads\/2023\/03\/odonto-mais_07-112x300.png 112w\" sizes=\"(max-width: 252px) 100vw, 252px\" \/>\t\t\t\t\t\t\n\t\t\t\t\t<\/div>\n\t\t\t\t\t\t<\/a>\t\t\n<style>\n#image_1760536223 {\n  width: 100%;\n}\n<\/style>\n\t<\/div>\n\t\n\t\t<\/div>\n\t\t\t<\/div>\n\n\t\n\n\t<div id=\"col-1610413695\" class=\"col medium-6 small-12 large-6\"  >\n\t\t<div class=\"col-inner\"  >\n\t\t\t\n\t\t\t\n\t<div class=\"img has-hover x md-x lg-x y md-y lg-y\" id=\"image_1033648104\">\n\t\t<a class=\"\" href=\"https:\/\/sulamericaodontoindividual.com.br\/?corretora=jrq\" target=\"_blank\" rel=\"noopener noreferrer\" >\t\t\t\t\t\t<div class=\"img-inner dark\" >\n\t\t\t<img loading=\"lazy\" decoding=\"async\" width=\"252\" height=\"675\" src=\"https:\/\/jrqseguros.com.br\/sulamerica-seguros\/wp-content\/uploads\/2023\/03\/odonto-mais_09.png\" class=\"attachment-large size-large\" alt=\"\" srcset=\"https:\/\/jrqseguros.com.br\/sulamerica-seguros\/wp-content\/uploads\/2023\/03\/odonto-mais_09.png 252w, https:\/\/jrqseguros.com.br\/sulamerica-seguros\/wp-content\/uploads\/2023\/03\/odonto-mais_09-112x300.png 112w\" sizes=\"(max-width: 252px) 100vw, 252px\" \/>\t\t\t\t\t\t\n\t\t\t\t\t<\/div>\n\t\t\t\t\t\t<\/a>\t\t\n<style>\n#image_1033648104 {\n  width: 100%;\n}\n<\/style>\n\t<\/div>\n\t\n\t\t<\/div>\n\t\t\t<\/div>\n\n\t\n<\/div>\n\t<div id=\"gap-644205099\" class=\"gap-element clearfix\" style=\"display:block; height:auto;\">\n\t\t\n<style>\n#gap-644205099 {\n  padding-top: 30px;\n}\n<\/style>\n\t<\/div>\n\t\n<div class=\"row\"  id=\"row-880175457\">\n\n\t<div id=\"col-522190822\" class=\"col small-12 large-12\"  >\n\t\t<div class=\"col-inner\"  >\n\t\t\t\n\t\t\t\n<div class=\"container section-title-container\" ><h3 class=\"section-title section-title-normal\"><b><\/b><span class=\"section-title-main\" >Caracter\u00edsticas dos planos Odonto mais<\/span><b><\/b><\/h3><\/div>\n<div class=\"sc-gzrROc kthfWA MuiBox-root css-0\">\n<div class=\"MuiGrid-root MuiGrid-container MuiGrid-spacing-xs-1 css-tuxzvu\">\n<div class=\"MuiGrid-root MuiGrid-item MuiGrid-grid-xs-6 css-1s50f5r\">\n<div class=\"MuiGrid-root MuiGrid-container css-1d3bbye\">\n<div class=\"MuiGrid-root MuiGrid-item MuiGrid-grid-xs-10 MuiGrid-grid-sm-11 css-1qaf1v0\">\n<p class=\"MuiTypography-root MuiTypography-body1 sc-eYqcxL cMkAzj css-9l3uo3\"><strong>Car\u00eancias Plano Mensal<\/strong><\/p>\n<div class=\"MuiGrid-root MuiGrid-container css-17ctaz5\">\n<div class=\"MuiGrid-root MuiGrid-item MuiGrid-grid-xs-3 css-4xkoi8\">\n<ul>\n<li class=\"MuiTypography-root MuiTypography-body1 sc-iFoMEM jcdtaa css-9l3uo3\">24hs: <span style=\"font-size: 14.4px;\">Urg\u00eancia e Emerg\u00eancia<\/span><\/li>\n<li class=\"MuiTypography-root MuiTypography-body1 sc-iFoMEM jcdtaa css-9l3uo3\">90 dias: <span style=\"font-size: 14.4px;\">Consultas, Radiologia, Dent\u00edstica, Endodontia, Periodontia e Cirurgia<\/span><\/li>\n<li class=\"MuiTypography-root MuiTypography-body1 sc-iFoMEM jcdtaa css-9l3uo3\">180 dias: <span style=\"font-size: 14.4px;\">Pr\u00f3teses Rol ANS e Ortodontia<\/span><\/li>\n<\/ul>\n<\/div>\n<\/div>\n<\/div>\n<\/div>\n<\/div>\n<div class=\"MuiGrid-root MuiGrid-item MuiGrid-grid-xs-6 css-1s50f5r\">\n<div class=\"MuiGrid-root MuiGrid-container css-ce6o4s\">\n<div class=\"MuiGrid-root MuiGrid-item MuiGrid-grid-xs-2 MuiGrid-grid-sm-1 sc-hHTYSt jqOMcq css-1p5uuun\"><strong><span style=\"color: #555555; font-size: 14.4px;\">Car\u00eancia plano anual<\/span><\/strong><\/div>\n<div class=\"MuiGrid-root MuiGrid-item MuiGrid-grid-xs-10 MuiGrid-grid-sm-11 css-1qaf1v0\">\n<ul>\n<li class=\"MuiTypography-root MuiTypography-body1 sc-iFoMEM jcdtaa css-9l3uo3\">24h ap\u00f3s confirma\u00e7\u00e3o de pagamento<\/li>\n<\/ul>\n<\/div>\n<\/div>\n<div class=\"MuiGrid-root MuiGrid-container css-ce6o4s\">\n<div class=\"MuiGrid-root MuiGrid-item MuiGrid-grid-xs-2 MuiGrid-grid-sm-1 sc-hHTYSt jqOMcq css-1p5uuun\"><strong><span style=\"color: #555555; font-size: 14.4px;\">Ampla rede nacional<\/span><\/strong><\/div>\n<div class=\"MuiGrid-root MuiGrid-item MuiGrid-grid-xs-10 MuiGrid-grid-sm-11 css-1qaf1v0\">\n<ul>\n<li class=\"MuiTypography-root MuiTypography-body1 sc-iFoMEM jcdtaa css-9l3uo3\">Com + de 28 mil atendimentos em todas as regi\u00f5es do Brasil.<\/li>\n<\/ul>\n<\/div>\n<\/div>\n<\/div>\n<\/div>\n<\/div>\n<div class=\"sc-gzrROc kthfWA MuiBox-root css-0\">\n<div class=\"MuiGrid-root MuiGrid-container MuiGrid-spacing-xs-1 css-tuxzvu\">\n<div class=\"MuiGrid-root MuiGrid-item MuiGrid-grid-xs-12 MuiGrid-grid-sm-12 css-15j76c0\">\n<div class=\"MuiGrid-root MuiGrid-container css-1d3bbye\">\n<div class=\"MuiGrid-root MuiGrid-item MuiGrid-grid-xs-1 MuiGrid-grid-sm-0.5 sc-hHTYSt jqOMcq css-zfhssn\"><strong><span style=\"color: #555555; font-size: 14.4px;\">Elegibilidade at\u00e9 3\u00ba grau consangu\u00edneo<\/span><\/strong><\/div>\n<div class=\"MuiGrid-root MuiGrid-item MuiGrid-grid-xs-11 MuiGrid-grid-sm-11.5 css-sttjo1\">\n<ul>\n<li class=\"MuiTypography-root MuiTypography-body1 sc-iFoMEM jcdtaa css-9l3uo3\">C\u00f4njuge; companheiro(a); filhos(as); enteado(a) e tutelado(a); pai, m\u00e3e, irm\u00e3os, irm\u00e3s, av\u00f3s, av\u00f4s, netos(as), tios(as), sobrinho(as), bisnetos(as), sogro(a), genro, nora, padrasto, madrasta e cunhado(a)<\/li>\n<\/ul>\n<\/div>\n<\/div>\n<\/div>\n<\/div>\n<\/div>\n<div class=\"sc-gzrROc kthfWA MuiBox-root css-0\">\n<div class=\"MuiGrid-root MuiGrid-container MuiGrid-spacing-xs-1 css-tuxzvu\">\n<div class=\"MuiGrid-root MuiGrid-item MuiGrid-grid-xs-6 MuiGrid-grid-sm-4 css-idrrft\">\n<div class=\"MuiGrid-root MuiGrid-container css-1d3bbye\">\n<div class=\"MuiGrid-root MuiGrid-item MuiGrid-grid-xs-2 MuiGrid-grid-sm-1.5 sc-hHTYSt jqOMcq css-1631uq2\"><strong><span style=\"color: #555555; font-size: 14.4px;\">Para todas as idades<\/span><\/strong><\/div>\n<div>\u00a0<\/div>\n<div class=\"MuiGrid-root MuiGrid-item MuiGrid-grid-xs-2 MuiGrid-grid-sm-1.5 sc-hHTYSt jqOMcq css-1631uq2\"><strong style=\"color: #555555; font-size: 14.4px;\"><span style=\"font-size: 14.4px;\">N\u00e3o possui Coparticipa\u00e7\u00e3o<\/span><\/strong><\/div>\n<div>\u00a0<\/div>\n<div class=\"MuiGrid-root MuiGrid-item MuiGrid-grid-xs-2 MuiGrid-grid-sm-1.5 sc-hHTYSt jqOMcq css-1631uq2\"><strong style=\"font-size: 14.4px;\"><span style=\"font-size: 14.4px;\">Possui Reembolso<\/span><\/strong><\/div>\n<\/div>\n<\/div>\n<\/div>\n<\/div>\n\t<div id=\"gap-2017306891\" class=\"gap-element clearfix\" style=\"display:block; height:auto;\">\n\t\t\n<style>\n#gap-2017306891 {\n  padding-top: 30px;\n}\n<\/style>\n\t<\/div>\n\t\n<div class=\"container section-title-container\" ><h3 class=\"section-title section-title-normal\"><b><\/b><span class=\"section-title-main\" >Caracter\u00edsticas dos planos Odonto mais<\/span><b><\/b><\/h3><\/div>\n<div class=\"sc-gzrROc kthfWA MuiBox-root css-0\">\n<div class=\"MuiGrid-root MuiGrid-container MuiGrid-spacing-xs-1 css-tuxzvu\">\n<div class=\"MuiGrid-root MuiGrid-item MuiGrid-grid-xs-6 css-1s50f5r\">\n<div class=\"MuiGrid-root MuiGrid-container css-1d3bbye\">\n<div class=\"MuiGrid-root MuiGrid-item MuiGrid-grid-xs-10 MuiGrid-grid-sm-11 css-1qaf1v0\">\n<div class=\"sc-gzrROc kthfWA MuiBox-root css-0\">\n<div class=\"MuiGrid-root MuiGrid-container MuiGrid-spacing-xs-2 css-isbt42\">\n<div class=\"MuiGrid-root MuiGrid-item MuiGrid-grid-xs-6 css-1s50f5r\">\n<div class=\"MuiGrid-root MuiGrid-container css-1d3bbye\">\n<ul>\n<li class=\"MuiGrid-root MuiGrid-item MuiGrid-grid-xs-1.5 sc-hHTYSt jqOMcq css-1chpm7x\"><span style=\"color: #555555; font-size: 14.4px;\">Descontos de at\u00e9 70% em farm\u00e1cias (<\/span>Medicamentos e itens de higiene bucal)<\/li>\n<li class=\"MuiGrid-root MuiGrid-item MuiGrid-grid-xs-1.5 sc-hHTYSt jqOMcq css-1chpm7x\">Plano anual com 10% de desconto<\/li>\n<li class=\"MuiGrid-root MuiGrid-item MuiGrid-grid-xs-1.5 sc-hHTYSt jqOMcq css-1chpm7x\">Para pagamento \u00e0 vista no cart\u00e3o, PIX ou boleto<\/li>\n<li class=\"MuiGrid-root MuiGrid-item MuiGrid-grid-xs-1.5 sc-hHTYSt jqOMcq css-1chpm7x\">SulAMais (Clube de vantagens com descontos e benef\u00edcios exclusivos)<\/li>\n<li class=\"MuiGrid-root MuiGrid-item MuiGrid-grid-xs-1.5 sc-hHTYSt jqOMcq css-1chpm7x\">Desconto para Dependentes (2 vidas = 10% de desconto 3 vidas ou + = 22% de desconto)<\/li>\n<li class=\"MuiGrid-root MuiGrid-item MuiGrid-grid-xs-1.5 sc-hHTYSt jqOMcq css-1chpm7x\">Aplicativo SulAm\u00e9rica Odonto (Carteirinha digital, rede credenciada, procedimentos cobertos, reembolso e muito mais)<\/li>\n<li class=\"MuiGrid-root MuiGrid-item MuiGrid-grid-xs-1.5 sc-hHTYSt jqOMcq css-1chpm7x\">Central de Atendimento 24h<\/li>\n<\/ul>\n<\/div>\n<\/div>\n<\/div>\n<\/div>\n<\/div>\n<\/div>\n<\/div>\n<\/div>\n<\/div>\n\t\t<\/div>\n\t\t\t<\/div>\n\n\t\n<\/div>\n\t\t<\/div>\n\t\t\t<\/div>\n\n\t\n\n\t<div id=\"col-916082148\" class=\"col medium-5 small-12 large-5\"  >\n\t\t<div class=\"col-inner\"  >\n\t\t\t\n\t\t\t\n<p><a href=\"http:\/\/sulamericaodonto.com.br\/jrq\/raquel\"><img decoding=\"async\" src=\"https:\/\/jrqseguros.com.br\/sulamerica-seguros\/wp-content\/uploads\/2020\/09\/sulamerica-odonto-individual.png\"><\/a><\/p>\n<p><a href=\"http:\/\/sulamericaodonto.com.br\/jrq\/raquel\"><img decoding=\"async\" src=\"https:\/\/jrqseguros.com.br\/sulamerica-seguros\/wp-content\/uploads\/2020\/09\/sulamerica-odonto-pme.png\"><\/a><\/p>\n\t\t<\/div>\n\t\t\t<\/div>\n\n\t\n<\/div>\n\t\t<\/div>\n\n\t\t\n<style>\n#section_1698348197 {\n  padding-top: 30px;\n  padding-bottom: 30px;\n}\n<\/style>\n\t<\/section>\n\t\n","protected":false},"excerpt":{"rendered":"","protected":false},"author":1,"featured_media":0,"parent":0,"menu_order":0,"comment_status":"closed","ping_status":"closed","template":"page-blank.php","meta":{"footnotes":""},"class_list":["post-32265","page","type-page","status-publish","hentry"],"_links":{"self":[{"href":"https:\/\/jrqseguros.com.br\/sulamerica-seguros\/wp-json\/wp\/v2\/pages\/32265"}],"collection":[{"href":"https:\/\/jrqseguros.com.br\/sulamerica-seguros\/wp-json\/wp\/v2\/pages"}],"about":[{"href":"https:\/\/jrqseguros.com.br\/sulamerica-seguros\/wp-json\/wp\/v2\/types\/page"}],"author":[{"embeddable":true,"href":"https:\/\/jrqseguros.com.br\/sulamerica-seguros\/wp-json\/wp\/v2\/users\/1"}],"replies":[{"embeddable":true,"href":"https:\/\/jrqseguros.com.br\/sulamerica-seguros\/wp-json\/wp\/v2\/comments?post=32265"}],"version-history":[{"count":5,"href":"https:\/\/jrqseguros.com.br\/sulamerica-seguros\/wp-json\/wp\/v2\/pages\/32265\/revisions"}],"predecessor-version":[{"id":32407,"href":"https:\/\/jrqseguros.com.br\/sulamerica-seguros\/wp-json\/wp\/v2\/pages\/32265\/revisions\/32407"}],"wp:attachment":[{"href":"https:\/\/jrqseguros.com.br\/sulamerica-seguros\/wp-json\/wp\/v2\/media?parent=32265"}],"curies":[{"name":"wp","href":"https:\/\/api.w.org\/{rel}","templated":true}]}}