{"id":3666,"date":"2020-09-10T21:51:58","date_gmt":"2020-09-11T00:51:58","guid":{"rendered":"https:\/\/jrqseguros.com.br\/sulamerica-seguros\/passo-fundo\/"},"modified":"2020-09-10T21:51:58","modified_gmt":"2020-09-11T00:51:58","slug":"passo-fundo","status":"publish","type":"page","link":"https:\/\/jrqseguros.com.br\/sulamerica-seguros\/passo-fundo\/","title":{"rendered":"Passo Fundo"},"content":{"rendered":"<div id=\"page-header-1199737272\" class=\"page-header-wrapper has-block tooltipstered\">\n<div class=\"page-title dark featured-title\">\n<div class=\"page-title-inner container align-bottom flex-row medium-flex-wrap\">\n<div class=\"title-wrapper uppercase flex-col text-left medium-text-center\">\n<h1 class=\"entry-title mb-0\">Seguros SulAm\u00e9rica | Passo Fundo<\/h1>\n<\/p>\n<\/div>\n<div class=\"title-content flex-col flex-right text-right medium-text-center\"><\/div>\n<\/p>\n<\/div>\n<style>\n#page-header-1199737272 .page-title-inner {min-height: 115px;\n}\n#page-header-1199737272 {margin-bottom: 30px;\n}\n<\/style>\n<\/p>\n<\/div>\n<\/div>\n\t<section class=\"section\" id=\"section_1089244285\">\n\t\t<div class=\"bg section-bg fill bg-fill  bg-loaded\" >\n\n\t\t\t\n\t\t\t\n\t\t\t\n\n\t\t<\/div>\n\n\t\t<div class=\"section-content relative\">\n\t\t\t\n\n<div class=\"row\"  id=\"row-883638180\">\n\n\n\t<div id=\"col-711732678\" class=\"col medium-7 small-12 large-7\"  >\n\t\t<div class=\"col-inner\"  >\n\t\t\t\n\t\t\t\n\n<p>Procurando um <strong>Corretor de Seguros SulAm\u00e9rica em Passo Fundo<\/strong>? Entre em contato conosco, tire suas d\u00favidas ou contrate seu seguro aqui! Fale conosco e juntos encontraremos o melhor seguro para voc\u00ea!<\/p>\n<p>Trabalhamos com os principais ramos de seguros da <strong>SulAm\u00e9rica Seguros<\/strong>.<\/p>\n<h2>Seguro Viagem<\/h2>\n<p>O SulAm\u00e9rica Viagem \u00e9 o seguro criado para voc\u00ea ter muito mais tranquilidade e seguran\u00e7a durante suas viagens, sejam elas a lazer, neg\u00f3cios ou estudos. Com ele, voc\u00ea poder\u00e1 viajar pelo mundo sem se preocupar com imprevistos e, assim, aproveitar ao m\u00e1ximo cada momento.<\/p>\n<p>De acordo com o destino e per\u00edodo de sua viagem, o voc\u00ea poder\u00e1 optar pelo plano mais adequado \u00e0 sua necessidade, al\u00e9m de poder escolher quais coberturas\/assist\u00eancias opcionais ir\u00e3o compor seu seguro.<\/p>\n<p>Mais do que proporcionar seguran\u00e7a, o SulAm\u00e9rica Viagem tem por objetivo deixar seus voc\u00ea livre para aproveitar os momentos inesquec\u00edveis e deixar qualquer tipo de imprevisto por conta da SulAm\u00e9rica.<\/p>\n<a rel=\"noopener noreferrer\" href=\"https:\/\/url.gratis\/Vuh41\" target=\"_blank\" class=\"button secondary\"  >\n    <span>CONTRATE AGORA<\/span>\n  <\/a>\n\n\n<a href=\"https:\/\/jrqseguros.com.br\/sulamerica-seguros\/viagem\/\" target=\"_self\" class=\"button primary\"  >\n    <span>saiba mais<\/span>\n  <\/a>\n\n\n<h2>SulAm\u00e9rica Odonto<\/h2>\n<p>Conte com o que h\u00e1 de melhor em sa\u00fade bucal. Clique no bot\u00e3o acima e confira as informa\u00e7\u00f5es do seu seguro. O\u00a0<strong>SulAm\u00e9rica Odonto Passo Fundo<\/strong>\u00a0\u00e9 um produto completo, que garante diversas coberturas, vantagens exclusivas e oferece benef\u00edcios especiais que proporcionam aos funcion\u00e1rios da sua empresa bem-estar, agilidade e comodidade para cuidar da sa\u00fade bucal.\u00a0<\/p>\n<p>O <strong>SulAm\u00e9rica Dental Passo Fundo <\/strong>possui uma ampla cobertura, conhe\u00e7a alguns exemplos de acordo com o plano:<\/p>\n<div class=\"row\"  id=\"row-1449136882\">\n\n\n\t<div id=\"col-310025737\" class=\"col medium-6 small-12 large-6\"  >\n\t\t<div class=\"col-inner\"  >\n\t\t\t\n\t\t\t\n\n<p><strong>Odonto Mais<\/strong><br \/>\u2022 Consultas (inicial e urg\u00eancia)<br \/>\u2022 Procedimentos preventivos<br \/>\u2022 Radiografias diagn\u00f3sticas<br \/>\u2022 Raspagem de t\u00e1rtaro<br \/>\u2022 Restaura\u00e7\u00f5es<br \/>\u2022 Tratamentos de canal<br \/>\u2022 Extra\u00e7\u00f5es<br \/>\u2022 Odontopediatria<\/p>\n\n\t\t<\/div>\n\t\t\t<\/div>\n\n\t\n\n\t<div id=\"col-814677687\" class=\"col medium-6 small-12 large-6\"  >\n\t\t<div class=\"col-inner\"  >\n\t\t\t\n\t\t\t\n\n<p><strong>Prestige PME<\/strong><br \/>Al\u00e9m de todas as coberturas e benef\u00edcios do plano\u00a0<strong>Odonto Doc<\/strong>, o\u00a0<strong>Prestige PME\u00a0<\/strong>oferece diferenciais exclusivos, como:<br \/>\u2022\u00a0\u00a0 \u00a0Clareamento caseiro<br \/>\u2022\u00a0\u00a0 \u00a0Clareamento a laser<br \/>\u2022\u00a0\u00a0 \u00a0\u00d3xido nitroso<\/p>\n<a rel=\"noopener noreferrer\" href=\"http:\/\/sulamericaodonto.com.br\/jrq\/raquel\" target=\"_blank\" class=\"button secondary\"  >\n    <span>CONTRATE AGORA<\/span>\n  <\/a>\n\n\n\n\t\t<\/div>\n\t\t\t<\/div>\n\n\t\n\n<\/div>\n<h2>Seguro Sa\u00fade SulAm\u00e9rica<\/h2>\n<p>O <strong>Plano de Sa\u00fade SulAm\u00e9rica Passo Fundo<\/strong> oferece condi\u00e7\u00f5es sob medida para atender \u00e0s necessidades das empresas, rede referenciada nacional e o melhor custo-benef\u00edcio do mercado.<\/p>\n<p>S\u00e3o diversos planos feitos sob medida para atender \u00e0s necessidades da empresa, que se diferenciam pelas op\u00e7\u00f5es de reembolso, rede referenciada, padr\u00e3o de acomoda\u00e7\u00e3o hospitalar e benef\u00edcios.<\/p>\n<p><img decoding=\"async\" src=\"https:\/\/jrqseguros.com.br\/sulamerica-seguros\/wp-content\/uploads\/2020\/09\/sulamerica-saude-planos.png\" width=\"100%\" \/><\/p>\n<a href=\"https:\/\/jrqseguros.com.br\/sulamerica-seguros\/saude\/\" target=\"_self\" class=\"button primary\"  >\n    <span>saiba mais<\/span>\n  <\/a>\n\n\n<h2>Seguro de Vida<\/h2>\n<p>O SulAm\u00e9rica Vida \u00e9 um seguro de vida desenvolvido especialmente para voc\u00ea, que busca tranquilidade para aproveitar os bons momentos com mais liberdade e seguran\u00e7a.\u00a0<\/p>\n<p>O SulAm\u00e9rica Vida possui v\u00e1rias coberturas dispon\u00edveis para contrata\u00e7\u00e3o, o que possibilita uma personaliza\u00e7\u00e3o do seguro para voc\u00ea conforme suas necessidades.<\/p>\n<p><strong>Cobertura (obrigat\u00f3ria para contrata\u00e7\u00e3o)<\/strong><\/p>\n<ul>\n<li><strong>Morte:<\/strong> os benefici\u00e1rios receber\u00e3o o valor do capital segurado para a cobertura.<\/li>\n<li><strong>Morte Acidental - MA:<\/strong> os benefici\u00e1rios receber\u00e3o o valor do capital segurado para a cobertura.\u00a0<\/li>\n<\/ul>\n<p><strong>Coberturas opcionais:<\/strong><\/p>\n<ul>\n<li><strong>Morte com extens\u00e3o ao c\u00f4njuge: Morte com extens\u00e3o ao c\u00f4njuge:<\/strong> assegura o pagamento de 50% do capital segurado contratado para o segurado principal no caso de falecimento do seu c\u00f4njuge.<\/li>\n<li><strong>Invalidez Permanente Total ou Parcial por Acidente - IPA: <\/strong>Em caso de les\u00e3o f\u00edsica, redu\u00e7\u00e3o ou impot\u00eancia funcional definitiva total ou parcial de membro ou \u00f3rg\u00e3o, causada por acidente pessoal coberto, o pr\u00f3prio segurado receber\u00e1 o valor do capital segurado para a cobertura.<\/li>\n<li><strong style=\"color: #555555;\">Invalidez Permanente Parcial por Acidente Majorada - IPA Majorada<\/strong><strong style=\"color: #555555;\">*<\/strong><strong style=\"color: #555555;\">:\u00a0<\/strong><span style=\"color: #555555;\">O segurado receber\u00e1 100% do capital segurado contratado para a cobertura de Invalidez Permanente Total ou Parcial por Acidente, em caso de les\u00e3o nos \u00f3rg\u00e3os ou membros majorados, decorrentes de acidente coberto e que cause a invalidez parcial.\u00a0<\/span><\/li>\n<\/ul>\n<a href=\"https:\/\/jrqseguros.com.br\/sulamerica-seguros\/vida\/\" target=\"_self\" class=\"button primary\"  >\n    <span>saiba mais<\/span>\n  <\/a>\n\n\n\n\t\t<\/div>\n\t\t\t<\/div>\n\n\t\n\n\t<div id=\"col-2045369307\" class=\"col medium-5 small-12 large-5\"  >\n\t\t<div class=\"col-inner\"  >\n\t\t\t\n\t\t\t\n\n<ul class=\"sidebar-wrapper ul-reset\"><aside id=\"text-2\" class=\"widget widget_text\">\t\t\t<div class=\"textwidget\"><h3>Fa\u00e7a uma cota\u00e7\u00e3o gr\u00e1tis<\/h3>\n<div data-uniq='69d050802c139' class='uniq-69d050802c139 formcraft-css form-live align-left'>\n<style type='text\/css' scoped='scoped'>html .formcraft-css .fc-form .form-element .form-element-html {\n    padding: 1.5em 1.5em;\n    padding-left: 0;\n    padding-top: 0;\n    padding-bottom: 5px;\n}<\/style>\n<div class='form-logic'>[]<\/div>\n<div class=\"fc-pagination-cover fc-pagination-1\">\n<div class=\"fc-pagination width-100\">\n<div class=\"pagination-trigger \" data-index=\"0\">\n\t\t\t\t\t\t<span class=\"page-number\"><span >1<\/span><\/span><br \/>\n\t\t\t\t\t\t<span class=\"page-name \">Step 1<\/span><\/p><\/div>\n<\/p><\/div>\n<\/p><\/div>\n<style scoped=\"scoped\" >\n\t\t\t@media (max-width : 480px) {\n\t\t\t\t.fc_modal-dialog-1 .fc-pagination-cover .fc-pagination\n\t\t\t\t{\n\t\t\t\t\tbackground-color: none !important;\n\t\t\t\t}\n\t\t\t}\n\t\t\t\t\t\t.formcraft-css .fc-form.fc-form-1 .form-element .submit-cover .submit-button,\n\t\t\t.formcraft-css .fc-form.fc-form-1 .form-element .fileupload-cover .button-file,\n\t\t\t.formcraft-css .fc-form.fc-form-1 .form-element .field-cover .button,\n\t\t\t.formcraft-datepicker .ui-datepicker-header,\n\t\t\t.formcraft-datepicker .ui-datepicker-title\n\t\t\t{\n\t\t\t\tbackground: #0b2e70;\n\t\t\t\tcolor: #fff;\n\t\t\t}\n\t\t\t.formcraft-datepicker td .ui-state-active,\n\t\t\t.formcraft-datepicker td .ui-state-hover,\n\t\t\t.formcraft-css .fc-form.fc-form-1 .form-element .slider-cover .ui-slider-range\n\t\t\t{\n\t\t\t\tbackground: #0b2e70;\n\t\t\t}\n\t\t\t#ui-datepicker-div.formcraft-datepicker .ui-datepicker-header,\n\t\t\t.formcraft-css .fc-form .field-cover>div.full hr\n\t\t\t{\n\t\t\t\tborder-color: #092862;\n\t\t\t}\n\t\t\t#ui-datepicker-div.formcraft-datepicker .ui-datepicker-prev:hover,\n\t\t\t#ui-datepicker-div.formcraft-datepicker .ui-datepicker-next:hover,\n\t\t\t#ui-datepicker-div.formcraft-datepicker select.ui-datepicker-month:hover,\n\t\t\t#ui-datepicker-div.formcraft-datepicker select.ui-datepicker-year:hover\n\t\t\t{\n\t\t\t\tbackground-color: #092862;\n\t\t\t}\n\t\t\t.formcraft-css .fc-pagination>div.active .page-number,\n\t\t\t.formcraft-css .form-cover-builder .fc-pagination>div:first-child .page-number\n\t\t\t{\n\t\t\t\tbackground-color: #4488ee;\n\t\t\t\tcolor: #fff;\n\t\t\t}\n\t\t\t#ui-datepicker-div.formcraft-datepicker table.ui-datepicker-calendar th,\n\t\t\t#ui-datepicker-div.formcraft-datepicker table.ui-datepicker-calendar td.ui-datepicker-today a,\n\t\t\t.formcraft-css .fc-form.fc-form-1 .form-element .star-cover label,\n\t\t\thtml .formcraft-css .fc-form.label-floating .form-element .field-cover.has-focus>span,\n\t\t\t.formcraft-css .fc-form.fc-form-1 .form-element .customText-cover a,\n\t\t\t.formcraft-css .prev-next>div span:hover\n\t\t\t{\n\t\t\t\tcolor: #0b2e70;\n\t\t\t}\n\t\t\t.formcraft-css .fc-form.fc-form-1 .form-element .customText-cover a:hover\n\t\t\t{\n\t\t\t\tcolor: #092862;\n\t\t\t}\n\t\t\thtml .formcraft-css .fc-form.fc-form-1.label-floating .form-element .field-cover > span\n\t\t\t{\n\t\t\t\tcolor: #666666;\n\t\t\t}\n\t\t\thtml .formcraft-css .fc-form .final-success .final-success-check {\n\t\t\t\tborder: 2px solid #666666;\n\t\t\t}\n\t\t\t.formcraft-css .fc-form.fc-form-1 .form-element .field-cover input[type=\"text\"],\n\t\t\t.formcraft-css .fc-form.fc-form-1 .form-element .field-cover input[type=\"email\"],\n\t\t\t.formcraft-css .fc-form.fc-form-1 .form-element .field-cover input[type=\"password\"],\n\t\t\t.formcraft-css .fc-form.fc-form-1 .form-element .field-cover input[type=\"tel\"],\n\t\t\t.formcraft-css .fc-form.fc-form-1 .form-element .field-cover textarea,\n\t\t\t.formcraft-css .fc-form.fc-form-1 .form-element .field-cover select,\n\t\t\t.formcraft-css .fc-form.fc-form-1 .form-element .field-cover .time-fields-cover,\n\t\t\t.formcraft-css .fc-form.fc-form-1 .form-element .field-cover .awesomplete ul\n\t\t\t{\n\t\t\t\tcolor: #777;\n\t\t\t}\n\t\t\t.formcraft-css .fc-form.fc-form-1 .form-element .field-cover input[type=\"text\"],\n\t\t\t.formcraft-css .fc-form.fc-form-1 .form-element .field-cover input[type=\"password\"],\n\t\t\t.formcraft-css .fc-form.fc-form-1 .form-element .field-cover input[type=\"email\"],\n\t\t\t.formcraft-css .fc-form.fc-form-1 .form-element .field-cover input[type=\"radio\"],\n\t\t\t.formcraft-css .fc-form.fc-form-1 .form-element .field-cover input[type=\"checkbox\"],\n\t\t\t.formcraft-css .fc-form.fc-form-1 .form-element .field-cover input[type=\"tel\"],\n\t\t\t.formcraft-css .fc-form.fc-form-1 .form-element .field-cover select,\n\t\t\t.formcraft-css .fc-form.fc-form-1 .form-element .field-cover textarea\n\t\t\t{\n\t\t\t\tbackground-color: #fafafa;\n\t\t\t}\n\t\t\t.formcraft-css .fc-form.fc-form-1 .form-element .field-cover input[type=\"radio\"]:checked,\n\t\t\t.formcraft-css .fc-form.fc-form-1 .form-element .field-cover input[type=\"checkbox\"]:checked {\n\t\t\t\tborder-color: #092862;\n\t\t\t\tbackground: #0b2e70;\t\t\t\t\n\t\t\t}\n\t\t\t.formcraft-css .fc-form.fc-form-1 .form-element .star-cover label .star\n\t\t\t{\n\t\t\t\ttext-shadow: 0px 1px 0px #092862;\n\t\t\t}\n\t\t\t.formcraft-css .fc-form.fc-form-1 .form-element .slider-cover .ui-slider-range\n\t\t\t{\n\t\t\t\tbox-shadow: 0px 1px 1px #092862 inset;\n\t\t\t}\n\t\t\t.formcraft-css .fc-form.fc-form-1 .form-element .fileupload-cover .button-file\n\t\t\t{\n\t\t\t\tborder-color: #092862;\n\t\t\t}\n\t\t\t.formcraft-css .fc-form.fc-form-1 .form-element .form-element-html input[type=\"password\"]:focus,\n\t\t\t.formcraft-css .fc-form.fc-form-1 .form-element .form-element-html input[type=\"email\"]:focus,\n\t\t\t.formcraft-css .fc-form.fc-form-1 .form-element .form-element-html input[type=\"tel\"]:focus,\n\t\t\t.formcraft-css .fc-form.fc-form-1 .form-element .form-element-html input[type=\"text\"]:focus,\n\t\t\t.formcraft-css .fc-form.fc-form-1 .form-element .form-element-html textarea:focus,\n\t\t\t.formcraft-css .fc-form.fc-form-1 .form-element .form-element-html select:focus\n\t\t\t{\n\t\t\t\tborder-color: #0b2e70;\n\t\t\t}\n\t\t\t.formcraft-css .fc-form.fc-form-1 .form-element .form-element-html .field-cover .is-read-only:focus {\n\t\t\t\tborder-color: #ccc;\n\t\t\t}\n\t\t\t.formcraft-css .fc-form.fc-form-1\t\t\t{\n\t\t\t\tfont-family: inherit;\n\t\t\t}\n\t\t\t@media (max-width : 480px) {\n\t\t\t\thtml .dedicated-page,\n\t\t\t\thtml .dedicated-page .formcraft-css .fc-pagination > div.active\n\t\t\t\t{\n\t\t\t\t\tbackground: none;\n\t\t\t\t}\n\t\t\t}\n\t\t<\/style>\n<div class=\"form-cover\">\n<form data-auto-scroll=\"\" data-no-message-redirect=\"\" data-thousand=\"\" data-decimal=\".\" data-delay=\"\" data-id=\"1\" class=\"fc-form fc-form-1 align- fc-temp-class spin- save-form- dont-submit-hidden- remove-asterisk- disable-enter- label-placeholder field-border-visible frame-hidden icons-hide-true field-alignment-left\" style=\"width: 420px; color: #666666; font-size: 100%; background: none\">\n<div class=\"form-page form-page-0\" data-index=\"0\">\n<div class=\"form-page-content     \">\n<div data-identifier=\"field1\" data-index=\"0\" style=\"width: 100%\" class=\" form-element form-element-field1 options-false index-false form-element-0 default-false form-element-type-oneLineText is-required-true odd -handle\">\n<div class=\"form-element-html\">\n<div ><label class=\"oneLineText-cover field-cover \"><span class=\"sub-label-true\"><span class=\"main-label\"><span >Nome<\/span><\/span><span class=\"sub-label\"><span >your full name<\/span><\/span><\/span><\/p>\n<div><span class=\"error\"><\/span><input type=\"text\" placeholder=\"Nome\" make-read-only=\"false\" data-field-id=\"field1\" name=\"field1[]\" data-min-char=\"\" data-max-char=\"\" data-val-type=\"\" data-regexp=\"\" data-is-required=\"true\" data-allow-spaces=\"\" class=\"validation-lenient\" data-placement=\"right\" data-toggle=\"tooltip\" tooltip=\"\" data-trigger=\"focus\" data-html=\"true\" data-input-mask=\"\" data-mask-placeholder=\"\" data-original-title=\"\"><i class=\"formcraft-icon formcraft-icon-type-\"><\/i><\/div>\n<p><\/label><\/div>\n<\/div><\/div>\n<div data-identifier=\"field2\" data-index=\"1\" style=\"width: 100%\" class=\" even form-element form-element-field2 options-false index-false form-element-1 default-false form-element-type-oneLineText is-required-true -handle\">\n<div class=\"form-element-html\">\n<div ><label class=\"oneLineText-cover field-cover \"><span class=\"sub-label-true\"><span class=\"main-label\"><span >Telefone<\/span><\/span><span class=\"sub-label\"><span >your full name<\/span><\/span><\/span><\/p>\n<div><span class=\"error\"><\/span><input type=\"text\" placeholder=\"Telefone\" make-read-only=\"false\" data-field-id=\"field2\" name=\"field2[]\" data-min-char=\"\" data-max-char=\"\" data-val-type=\"\" data-regexp=\"\" data-is-required=\"true\" data-allow-spaces=\"\" class=\"validation-lenient\" data-placement=\"right\" data-toggle=\"tooltip\" tooltip=\"\" data-trigger=\"focus\" data-html=\"true\" data-input-mask=\"\" data-mask-placeholder=\"\" data-original-title=\"\"><i class=\"formcraft-icon formcraft-icon-type-\"><\/i><\/div>\n<p><\/label><\/div>\n<\/div><\/div>\n<div data-identifier=\"field3\" data-index=\"2\" style=\"width: 100%\" class=\" form-element form-element-field3 options-false index-false form-element-2 default-false form-element-type-email is-required-true odd -handle\">\n<div class=\"form-element-html\">\n<div ><label class=\"email-cover field-cover \"><span class=\"sub-label-true\"><span class=\"main-label\"><span >E-mail<\/span><\/span><span class=\"sub-label\"><span >a valid email<\/span><\/span><\/span><\/p>\n<div><span class=\"error\"><\/span><input placeholder=\"E-mail\" data-field-id=\"field3\" type=\"text\" data-val-type=\"email\" make-read-only=\"\" data-is-required=\"true\" name=\"field3\" class=\"validation-lenient\" data-placement=\"right\" data-toggle=\"tooltip\" tooltip=\"\" data-trigger=\"focus\" data-html=\"true\" data-original-title=\"\"><i class=\"formcraft-icon\">email<\/i><\/div>\n<p><\/label><\/div>\n<\/div><\/div>\n<div data-identifier=\"field4\" data-index=\"3\" style=\"width: 100%\" class=\" even form-element form-element-field4 options-false index-false form-element-3 default-false form-element-type-checkbox is-required-false -handle\">\n<div class=\"form-element-html\">\n<div >\n<div class=\"images- checkbox-cover field-cover\"><span class=\"sub-label-false\"><span class=\"main-label\"><span >Seguro que deseja<\/span><\/span><span class=\"sub-label\"><\/span><\/span><\/p>\n<div data-placement=\"right\" data-toggle=\"tooltip\" tooltip=\"\" data-trigger=\"hover\" data-html=\"true\" data-original-title=\"\"><span class=\"error\"><\/span><label style=\"width:\" ><img alt=\"\"><input data-field-id=\"field4\" type=\"checkbox\" data-is-required=\"false\" name=\"field4[]\" value=\"Vida\" class=\"validation-lenient\"><span><span >Vida<\/span><\/span><\/label><label style=\"width:\" ><img alt=\"\"><input data-field-id=\"field4\" type=\"checkbox\" data-is-required=\"false\" name=\"field4[]\" value=\"Viagem\" class=\"validation-lenient\"><span><span >Viagem<\/span><\/span><\/label><label style=\"width:\" ><img alt=\"\"><input data-field-id=\"field4\" type=\"checkbox\" data-is-required=\"false\" name=\"field4[]\" value=\"Sa\u00fade\" class=\"validation-lenient\"><span><span >Sa\u00fade<\/span><\/span><\/label><label style=\"width:\" ><img alt=\"\"><input data-field-id=\"field4\" type=\"checkbox\" data-is-required=\"false\" name=\"field4[]\" value=\"Outros\" class=\"validation-lenient\"><span><span >Outros<\/span><\/span><\/label><\/div>\n<\/div>\n<\/div>\n<\/div><\/div>\n<div data-identifier=\"field5\" data-index=\"4\" style=\"width: 100%\" class=\" form-element form-element-field5 options-false index-false form-element-4 default-false form-element-type-textarea is-required-false odd -handle\">\n<div class=\"form-element-html\">\n<div ><label class=\"textarea-cover field-cover \"><span class=\"sub-label-true\"><span class=\"main-label\"><span >Observa\u00e7\u00f5es adicionais<\/span><\/span><span class=\"sub-label\"><span >more details<\/span><\/span><\/span><\/p>\n<div><span class=\"error\"><\/span><textarea data-field-id=\"field5\" placeholder=\"Observa\u00e7\u00f5es adicionais\" class=\"validation-lenient\" name=\"field5\" value=\"\" rows=\"3\" data-min-char=\"\" data-max-char=\"\" data-is-required=\"false\" data-placement=\"right\" data-toggle=\"tooltip\" tooltip=\"\" data-trigger=\"focus\" data-html=\"true\" data-original-title=\"\" style=\"min-height: 74px\"><\/textarea><\/p>\n<div class=\"count-\"><span class=\"current-count\">0<\/span> \/ <span class=\"max-count \"><\/span><\/div>\n<\/div>\n<p><\/label><\/div>\n<\/div><\/div>\n<div data-identifier=\"field6\" data-index=\"5\" style=\"width: 100%\" class=\" even form-element form-element-field6 options-false index-false form-element-5 default-false form-element-type-submit is-required-false -handle\">\n<div class=\"form-element-html\">\n<div >\n<div class=\"align-right wide-true submit-cover field-cover\"><button type=\"submit\" class=\"button submit-button\"><span class=\"text \">SOLICITAR COTA\u00c7\u00c3O<\/span><span class=\"spin-cover\"><i style=\"color:\" class=\"loading-icon icon-cog animate-spin\"><\/i><\/span><\/button><\/div>\n<div class=\"submit-response \"><\/div>\n<p><label ><input type=\"text\" class=\"required_field\" name=\"website\" autocomplete=\"maple-syrup-pot\"><\/label><\/div>\n<\/div><\/div>\n<\/p><\/div>\n<\/p><\/div>\n<\/p><\/form>\n<div class=\"prev-next prev-next-1\" style=\"width: 420px; color: #666666; font-size: 100%; background: none\">\n<div><label><input type=\"text\" class=\"  \"><\/label><span class=\"inactive page-prev \"><i class=\"formcraft-icon\">keyboard_arrow_left<\/i>Previous<\/span><\/div>\n<div><label><input type=\"text\" class=\"  \"><\/label><span class=\"page-next \">Next<i class=\"formcraft-icon\">keyboard_arrow_right<\/i><\/span><\/div>\n<\/p><\/div>\n<\/p><\/div>\n<p><a class=\"powered-by\" target=\"_blank\" href=\"http:\/\/formcraft-wp.com?source=pb\" rel=\"noopener\">FormCraft &#8211; WordPress form builder<\/a><\/div>\n<\/div>\n\t\t<\/aside><\/ul>\n\n\n\t\t<\/div>\n\t\t\t<\/div>\n\n\t\n\n<\/div>\n\n\t\t<\/div>\n\n\t\t\n<style>\n#section_1089244285 {\n  padding-top: 30px;\n  padding-bottom: 30px;\n}\n<\/style>\n\t<\/section>\n\t\n\t<section class=\"section dark\" id=\"section_945297228\">\n\t\t<div class=\"bg section-bg fill bg-fill  bg-loaded\" >\n\n\t\t\t\n\t\t\t<div class=\"section-bg-overlay absolute fill\"><\/div>\n\t\t\t\n\n\t\t<\/div>\n\n\t\t<div class=\"section-content relative\">\n\t\t\t\n\n<div class=\"row align-center\"  id=\"row-861077971\">\n\n\n\t<div id=\"col-685252366\" class=\"col medium-6 small-12 large-6\"  >\n\t\t<div class=\"col-inner text-center\"  >\n\t\t\t\n\t\t\t\n\n<h2 style=\"text-align: center;\"><a href=\"https:\/\/valorplanodental.com.br\/sulamerica-odontol\/passo-fundo\"><strong>Valor Plano SulAm\u00e9rica Odonto Passo Fundo<\/strong><\/a><\/h2>\n\t<div id=\"text-1784024367\" class=\"text\">\n\t\t\n\n<p>Confira mais informa\u00e7\u00f5es sobre os planos odontol\u00f3gicos da SulAm\u00e9rica Dental em Passo Fundo.<\/p>\n\t\t\n<style>\n#text-1784024367 {\n  text-align: center;\n  color: rgb(255, 255, 255);\n}\n#text-1784024367 > * {\n  color: rgb(255, 255, 255);\n}\n<\/style>\n\t<\/div>\n\t\n<p><a href=\"https:\/\/valorplanodental.com.br\/sulamerica-odonto\/passo-fundo\" target=\"_self\" class=\"button white is-outline\" rel=\"noopener noreferrer\"><span>SULAM\u00c9RICA ODONTO Passo Fundo<\/span><br \/><\/a><\/p>\n\n\t\t<\/div>\n\t\t\t<\/div>\n\n\t\n\n<\/div>\n\n\t\t<\/div>\n\n\t\t\n<style>\n#section_945297228 {\n  padding-top: 30px;\n  padding-bottom: 30px;\n  background-color: rgb(40, 40, 40);\n}\n#section_945297228 .section-bg-overlay {\n  background-color: #0b2e70;\n}\n<\/style>\n\t<\/section>\n\t\n","protected":false},"excerpt":{"rendered":"","protected":false},"author":0,"featured_media":0,"parent":0,"menu_order":0,"comment_status":"closed","ping_status":"closed","template":"page-blank.php","meta":{"footnotes":""},"class_list":["post-3666","page","type-page","status-publish","hentry"],"_links":{"self":[{"href":"https:\/\/jrqseguros.com.br\/sulamerica-seguros\/wp-json\/wp\/v2\/pages\/3666"}],"collection":[{"href":"https:\/\/jrqseguros.com.br\/sulamerica-seguros\/wp-json\/wp\/v2\/pages"}],"about":[{"href":"https:\/\/jrqseguros.com.br\/sulamerica-seguros\/wp-json\/wp\/v2\/types\/page"}],"replies":[{"embeddable":true,"href":"https:\/\/jrqseguros.com.br\/sulamerica-seguros\/wp-json\/wp\/v2\/comments?post=3666"}],"version-history":[{"count":0,"href":"https:\/\/jrqseguros.com.br\/sulamerica-seguros\/wp-json\/wp\/v2\/pages\/3666\/revisions"}],"wp:attachment":[{"href":"https:\/\/jrqseguros.com.br\/sulamerica-seguros\/wp-json\/wp\/v2\/media?parent=3666"}],"curies":[{"name":"wp","href":"https:\/\/api.w.org\/{rel}","templated":true}]}}