{"id":5496,"date":"2020-09-11T10:07:46","date_gmt":"2020-09-11T13:07:46","guid":{"rendered":"https:\/\/jrqseguros.com.br\/sulamerica-seguros\/?page_id=5496"},"modified":"2022-06-23T16:11:24","modified_gmt":"2022-06-23T19:11:24","slug":"sulamerica-odonto-dental","status":"publish","type":"page","link":"https:\/\/jrqseguros.com.br\/sulamerica-seguros\/sulamerica-odonto-dental\/","title":{"rendered":"Odonto"},"content":{"rendered":"  <div id=\"page-header-491847444\" class=\"page-header-wrapper\">\n  <div class=\"page-title dark featured-title\">\n\n        <div class=\"page-title-bg\">\n      <div class=\"title-bg fill bg-fill\"\n        data-parallax-container=\".page-title\"\n        data-parallax-background\n        data-parallax=\"-\">\n      <\/div>\n      <div class=\"title-overlay fill\"><\/div>\n    <\/div>\n    \n    <div class=\"page-title-inner container align-center flex-row medium-flex-wrap\" >\n              <div class=\"title-wrapper flex-col text-left medium-text-center\">\n          <h1 class=\"entry-title mb-0\">\n            Odonto          <\/h1>\n        <\/div>\n                    <div class=\"title-content flex-col flex-right text-right medium-text-center\">\n        <div class=\"title-breadcrumbs pb-half pt-half\"><\/div>      <\/div>\n    <\/div>\n\n     \n<style>\n#page-header-491847444 .title-overlay {\n  background-color: rgb(247, 106, 24);\n}\n#page-header-491847444 .featured-title {\n  background-color: rgb(247, 106, 24);\n}\n<\/style>\n  <\/div>\n    <\/div>\n  \n\t<section class=\"section\" id=\"section_957303702\">\n\t\t<div class=\"bg section-bg fill bg-fill  bg-loaded\" >\n\n\t\t\t\n\t\t\t\n\t\t\t\n\n\t\t<\/div>\n\n\t\t<div class=\"section-content relative\">\n\t\t\t\n<div class=\"row\"  id=\"row-620846237\">\n\n\t<div id=\"col-1131446512\" class=\"col medium-7 small-12 large-7\"  >\n\t\t<div class=\"col-inner\"  >\n\t\t\t\n\t\t\t\n<p>Conte com o que h\u00e1 de melhor em sa\u00fade bucal. Clique no bot\u00e3o acima e confira as informa\u00e7\u00f5es do seu seguro. O\u00a0<strong>SulAm\u00e9rica Odonto <\/strong>\u00e9 um produto completo, que garante diversas coberturas, vantagens exclusivas e oferece benef\u00edcios especiais que proporcionam aos funcion\u00e1rios da sua empresa bem-estar, agilidade e comodidade para cuidar da sa\u00fade bucal.\u00a0<\/p>\n<p>Com rede qualificada, conta com diversas op\u00e7\u00f5es de atendimento, abrang\u00eancia em todos os estados e capitais do Brasil. O\u00a0<strong>SulAm\u00e9rica Dental <\/strong>possui uma ampla cobertura, conhe\u00e7a alguns exemplos de acordo com o plano:<\/p>\n<div id=\"row-848448338\" class=\"row\">\n<div id=\"col-533380804\" class=\"col medium-6 small-12 large-6\" style=\"margin-bottom: -20px;\">\n<div class=\"col-inner\">\n<p><strong>Odonto Mais<\/strong><br \/>\u2022 Consultas (inicial e urg\u00eancia)<br \/>\u2022 Procedimentos preventivos<br \/>\u2022 Radiografias diagn\u00f3sticas<br \/>\u2022 Raspagem de t\u00e1rtaro<br \/>\u2022 Restaura\u00e7\u00f5es<br \/>\u2022 Tratamentos de canal<br \/>\u2022 Extra\u00e7\u00f5es<br \/>\u2022 Odontopediatria<\/p>\n<\/div>\n<\/div>\n<div id=\"col-612214592\" class=\"col medium-6 small-12 large-6\" style=\"margin-bottom: -20px;\">\n<div class=\"col-inner\">\n<p><strong>Prestige PME<\/strong><br \/>Al\u00e9m de todas as coberturas e benef\u00edcios do plano\u00a0<strong>Odonto Doc<\/strong>, o\u00a0<strong>Prestige PME\u00a0<\/strong>oferece diferenciais exclusivos, como:<br \/>\u2022\u00a0\u00a0 \u00a0Clareamento caseiro<br \/>\u2022\u00a0\u00a0 \u00a0Clareamento a laser<br \/>\u2022\u00a0\u00a0 \u00a0\u00d3xido nitroso<\/p>\n<\/div>\n<\/div>\n<\/div>\n<p>Segurados SulAm\u00e9rica Odonto contam com rede nacional qualificada e especializada, com profissionais experientes. E mais, rede com especialistas para atender:<\/p>\n<ul>\n<li>Pacientes portadores de necessidades especiais;<\/li>\n<li>Pacientes com Disfun\u00e7\u00e3o Temporomandibular &#8211; DTM (dores, estalos e desconforto na articula\u00e7\u00e3o da mand\u00edbula);<\/li>\n<li>Estomatologia: les\u00f5es da boca<\/li>\n<\/ul>\n<div class=\"accordion\" rel=\"\">\n<div class=\"accordion-item\"><a href=\"#\" class=\"accordion-title plain\"><button class=\"toggle\"><i class=\"icon-angle-down\"><\/i><\/button><span>Benef\u00edcios SulAm\u00e9rica Odonto<\/span><\/a><div class=\"accordion-inner\">\n<p><img decoding=\"async\" src=\"https:\/\/jrqseguros.com.br\/sulamerica-seguros\/wp-content\/uploads\/2020\/09\/beneficios-dental-novo.png\" width=100%><\/p>\n<p>1. A disponibilidade do desconto \u00e9 concedida de acordo com a regi\u00e3o.<br \/>2. Benef\u00edcios exclusivos para os munic\u00edpios de S\u00e3o Paulo\/SP e Rio de Janeiro\/RJ.<br \/>O tratamento dent\u00e1rio no SPA Odontol\u00f3gico ser\u00e1 realizado conforme condi\u00e7\u00f5es contratuais e est\u00e1 sujeito \u00e0 avalia\u00e7\u00e3o dos credenciados SulAm\u00e9rica e \u00e0s<br \/>condi\u00e7\u00f5es de sa\u00fade do segurado.<\/p>\n<\/div><\/div>\n<div class=\"accordion-item\"><a href=\"#\" class=\"accordion-title plain\"><button class=\"toggle\"><i class=\"icon-angle-down\"><\/i><\/button><span>SulAm\u00e9rica Odonto PME<\/span><\/a><div class=\"accordion-inner\">\n<p>O SulAm\u00e9rica Odonto PME oferece solu\u00e7\u00f5es sob medida para empresas de 3 a 29 funcion\u00e1rios, com Rede Referenciada Nacional, Reembolso em todos os planos e descontos de at\u00e9 85% em medicamentos.<\/p>\n<p>S\u00e3o duas modalidades de contrata\u00e7\u00e3o:<\/p>\n<ul>\n<li>Odonto PME \u2013 para empresas de 03 a 29 vidas;<\/li>\n<li>Odonto PME Mais \u2013 para empresas de 30 a 99 vidas.<\/li>\n<\/ul>\n<p>O SulAm\u00e9rica Odonto \u00e9 um produto feito para atender, na medida certa, a sua empresa na hora de cuidar da sa\u00fade bucal dos seus colaboradores. Conhe\u00e7a as caracter\u00edsticas e benef\u00edcios:<\/p>\n<ul>\n<li>Contrata\u00e7\u00e3o livre*;<\/li>\n<li>Abrang\u00eancia Nacional;<\/li>\n<li>Sem car\u00eancia;<\/li>\n<li>Sem coparticipa\u00e7\u00e3o;<\/li>\n<li>Reembolso em todos os planos &#8211; Brasil e Exterior;<\/li>\n<li>Atendimento Personalizado na Central de Servi\u00e7os;<\/li>\n<li>Portal SulAm\u00e9rica Sa\u00fade Online \u2013 consulta \u00e0 rede por geolocaliza\u00e7\u00e3o, impress\u00e3o do cart\u00e3o de identifica\u00e7\u00e3o provis\u00f3rio, informa\u00e7\u00f5es sobre coberturas e reembolso, entre outros;<\/li>\n<li>Atendimento f\u00e1cil e sem complica\u00e7\u00f5es &#8211; a libera\u00e7\u00e3o do atendimento \u00e9 realizada pelo dentista referenciado diretamente com a SulAm\u00e9rica<\/li>\n<\/ul>\n<\/div><\/div>\n<div class=\"accordion-item\"><a href=\"#\" class=\"accordion-title plain\"><button class=\"toggle\"><i class=\"icon-angle-down\"><\/i><\/button><span>SulAm\u00e9rica Odonto Individual<\/span><\/a><div class=\"accordion-inner\">\n<div>A cobertura que voc\u00ea precisa o SulAm\u00e9rica Odonto tem. S\u00e3o s\u00f3 R$ 43,90 por m\u00eas para cuidar do seu sorriso e ser atendido em todo o Brasil, com a qualidade de atendimento da maior seguradora independente do Pa\u00eds.<\/div>\n<ul>\n<li>Ampla rede de atendimento, com aproximadamente 28 mil op\u00e7\u00f5es de atendimento.<\/li>\n<li>Cobertura em todos os estados e capitais do Brasil.<\/li>\n<li>Condi\u00e7\u00f5es especiais para implantes e clareamentos.<\/li>\n<li>Central de Atendimento 24h.<\/li>\n<li>Reembolso em casos de consulta ou exame fora da rede credenciada.<\/li>\n<li>Aplicativo SulAm\u00e9rica Odonto: dados da ap\u00f3lice, carteirinha digital e rede credenciada, tudo sempre \u00e0 m\u00e3o<\/li>\n<li>Desconto em medicamentos<\/li>\n<\/ul>\n<\/div><\/div>\n<\/div>\n\t\t<\/div>\n\t\t\t<\/div>\n\n\t\n\n\t<div id=\"col-161582629\" class=\"col medium-5 small-12 large-5\"  >\n\t\t<div class=\"col-inner\"  >\n\t\t\t\n\t\t\t\n<div class=\"row\"  id=\"row-411335008\">\n\n\t<div id=\"col-554527229\" class=\"col small-12 large-12\"  >\n\t\t<div class=\"col-inner\" style=\"background-color:rgb(255, 255, 255);\" >\n\t\t\t\n\t\t\t\n<h2 class=\"uppercase\">Simule seu Seguro<\/h2>\n<p><iframe src=\"https:\/\/jrqseguros.com.br\/sulamerica-seguros\/sulamerica-dental\" width=100% height=380px frameBorder=0 scrolling=no style=\"display:none\"><\/iframe>\n\t\t<\/div>\n\t\t\t<\/div>\n\n\t\n<\/div>\n<p><a href=\"http:\/\/sulamericaodonto.com.br\/jrq\/raquel\"><img decoding=\"async\" src=\"https:\/\/jrqseguros.com.br\/sulamerica-seguros\/wp-content\/uploads\/2020\/09\/sulamerica-odonto-individual.png\"><\/a><\/p>\n<p><a href=\"http:\/\/sulamericaodonto.com.br\/jrq\/raquel\"><img decoding=\"async\" src=\"https:\/\/jrqseguros.com.br\/sulamerica-seguros\/wp-content\/uploads\/2020\/09\/sulamerica-odonto-pme.png\"><\/a><\/p>\n\t\t<\/div>\n\t\t\t<\/div>\n\n\t\n<\/div>\n\t\t<\/div>\n\n\t\t\n<style>\n#section_957303702 {\n  padding-top: 30px;\n  padding-bottom: 30px;\n}\n<\/style>\n\t<\/section>\n\t\n","protected":false},"excerpt":{"rendered":"","protected":false},"author":1,"featured_media":0,"parent":0,"menu_order":0,"comment_status":"closed","ping_status":"closed","template":"page-blank.php","meta":{"footnotes":""},"class_list":["post-5496","page","type-page","status-publish","hentry"],"_links":{"self":[{"href":"https:\/\/jrqseguros.com.br\/sulamerica-seguros\/wp-json\/wp\/v2\/pages\/5496"}],"collection":[{"href":"https:\/\/jrqseguros.com.br\/sulamerica-seguros\/wp-json\/wp\/v2\/pages"}],"about":[{"href":"https:\/\/jrqseguros.com.br\/sulamerica-seguros\/wp-json\/wp\/v2\/types\/page"}],"author":[{"embeddable":true,"href":"https:\/\/jrqseguros.com.br\/sulamerica-seguros\/wp-json\/wp\/v2\/users\/1"}],"replies":[{"embeddable":true,"href":"https:\/\/jrqseguros.com.br\/sulamerica-seguros\/wp-json\/wp\/v2\/comments?post=5496"}],"version-history":[{"count":10,"href":"https:\/\/jrqseguros.com.br\/sulamerica-seguros\/wp-json\/wp\/v2\/pages\/5496\/revisions"}],"predecessor-version":[{"id":32246,"href":"https:\/\/jrqseguros.com.br\/sulamerica-seguros\/wp-json\/wp\/v2\/pages\/5496\/revisions\/32246"}],"wp:attachment":[{"href":"https:\/\/jrqseguros.com.br\/sulamerica-seguros\/wp-json\/wp\/v2\/media?parent=5496"}],"curies":[{"name":"wp","href":"https:\/\/api.w.org\/{rel}","templated":true}]}}